{"id":56,"date":"2022-10-12T18:55:51","date_gmt":"2022-10-12T18:55:51","guid":{"rendered":"https:\/\/met-vet.erasmus.site\/?page_id=56"},"modified":"2024-06-28T10:13:14","modified_gmt":"2024-06-28T10:13:14","slug":"our-team","status":"publish","type":"page","link":"https:\/\/met-vet.erasmus.site\/pl\/our-team\/","title":{"rendered":"Partnerzy"},"content":{"rendered":"<p><\/p>\n<h3><img fetchpriority=\"high\" decoding=\"async\" class=\"size-full wp-image-57 aligncenter\" src=\"https:\/\/met-vet.erasmus.site\/wp-content\/uploads\/2022\/10\/cwep.png\" alt=\"\" width=\"300\" height=\"300\" srcset=\"https:\/\/met-vet.erasmus.site\/wp-content\/uploads\/2022\/10\/cwep.png 300w, https:\/\/met-vet.erasmus.site\/wp-content\/uploads\/2022\/10\/cwep-150x150.png 150w\" sizes=\"(max-width: 300px) 100vw, 300px\" \/><\/h3>\n<h3 style=\"text-align: center;\">CENTRUM WSPIERANIA EDUKACJI I PRZEDSIEBIORCZO\u015aCI (Polska)<\/h3>\n<p>Centrum Wspierania Edukacji i Przedsi\u0119biorczo\u015bci (CWEP) jest organizacj\u0105 pozarz\u0105dow\u0105 za\u0142o\u017con\u0105 w 2004 roku przez grup\u0119 przedsi\u0119biorc\u00f3w, nauczycieli i dzia\u0142aczy spo\u0142ecznych z Rzeszowa. Misj\u0105 CWEP jest podnoszenie jako\u015bci kszta\u0142cenia na wszystkich poziomach i we wszystkich jego formach oraz promowanie przedsi\u0119biorczo\u015bci w celu wspierania integracji ka\u017cdej grupy spo\u0142ecznej bez wzgl\u0119du na p\u0142e\u0107, wiek i pochodzenie etniczne. Celem CWEP jest promowanie i wdra\u017canie najlepszych rozwi\u0105za\u0144, kt\u00f3re s\u0142u\u017c\u0105 temu celowi. W szczeg\u00f3lno\u015bci chodzi o popraw\u0119 dost\u0119pno\u015bci, jako\u015bci i efektywno\u015bci edukacji wszystkich ludzi, promowanie i przyczynianie si\u0119 do rozwoju edukacji doros\u0142ych, uczenia si\u0119 przez ca\u0142e \u017cycie, e-learningu oraz wykorzystania nowoczesnych technologii w edukacji i przedsi\u0119biorczo\u015bci. Stowarzyszenie wsp\u00f3\u0142pracuje z wieloma partnerami z Europy w celu wzmocnienia pozycji gospodarczej przedsi\u0119biorstw oraz udost\u0119pnia platform\u0119 internetow\u0105 dla firm.<\/p>\n<hr \/>\n<h3><img decoding=\"async\" class=\"aligncenter wp-image-85 size-full\" src=\"https:\/\/met-vet.erasmus.site\/wp-content\/uploads\/2022\/10\/inercia.png\" alt=\"\" width=\"300\" height=\"300\" srcset=\"https:\/\/met-vet.erasmus.site\/wp-content\/uploads\/2022\/10\/inercia.png 300w, https:\/\/met-vet.erasmus.site\/wp-content\/uploads\/2022\/10\/inercia-150x150.png 150w\" sizes=\"(max-width: 300px) 100vw, 300px\" \/><\/h3>\n<h3 style=\"text-align: center;\">Inercia Digital SL (Hiszpania)<\/h3>\n<p>Za\u0142o\u017cona w 2010 roku, Inercia Digital jest innowacyjn\u0105 andaluzyjsk\u0105 organizacj\u0105 specjalizuj\u0105c\u0105 si\u0119 w szkoleniach i innowacjach w zakresie umiej\u0119tno\u015bci cyfrowych na poziomie mi\u0119dzynarodowym.<\/p>\n<p>Jeste\u015bmy centrum VET (szkolenie zawodowe dla zatrudnienia) oficjalnie akredytowanym przez nasz rz\u0105d regionalny, a naszym g\u0142\u00f3wnym obszarem specjalizacji jest rozwijanie umiej\u0119tno\u015bci cyfrowych i przedsi\u0119biorczych, kt\u00f3re udost\u0119pniamy za po\u015brednictwem naszego Wirtualnego Kampusu, zatwierdzonego przez rz\u0105d regionalny Andaluzji jako Wirtualne Centrum Szkoleniowe dla zatrudnienia.<\/p>\n<hr \/>\n<h3><img decoding=\"async\" class=\"wp-image-86 size-full aligncenter\" src=\"https:\/\/met-vet.erasmus.site\/wp-content\/uploads\/2022\/10\/vhs.png\" alt=\"\" width=\"300\" height=\"300\" srcset=\"https:\/\/met-vet.erasmus.site\/wp-content\/uploads\/2022\/10\/vhs.png 300w, https:\/\/met-vet.erasmus.site\/wp-content\/uploads\/2022\/10\/vhs-150x150.png 150w\" sizes=\"(max-width: 300px) 100vw, 300px\" \/><\/h3>\n<h3 style=\"text-align: center;\">Volkshochschule im Landkreis Cham e.V. (Niemcy)<\/h3>\n<p>Volkshochschule im Landkreis Cham e.V. (Centrum Edukacji Doros\u0142ych w Dystrykcie Cham) jest niepa\u0144stwow\u0105 instytucj\u0105 non-profit \u015bwiadcz\u0105c\u0105 us\u0142ugi edukacyjne dla doros\u0142ych mieszka\u0144c\u00f3w Dystryktu Cham.<\/p>\n<p>Misj\u0105 organizacji jest zapewnienie prawa do edukacji, dost\u0119pu do us\u0142ug kszta\u0142cenia ustawicznego i r\u00f3wnych szans poprzez wyposa\u017cenie obywateli w wiedz\u0119 i umiej\u0119tno\u015bci potrzebne do bycia aktywnym cz\u0142onkiem spo\u0142ecze\u0144stwa. W tym celu instytucja \u015bwiadczy szeroki zakres us\u0142ug z zakresu przedmiot\u00f3w zawodowych (np. informatyka, ksi\u0119gowo\u015b\u0107, marketing) i pozazawodowych (zdrowy i &#8222;zielony&#8221; styl \u017cycia, sport, kultura).<\/p>\n<hr \/>\n<h3><img loading=\"lazy\" decoding=\"async\" class=\"wp-image-84 size-full aligncenter\" src=\"https:\/\/met-vet.erasmus.site\/wp-content\/uploads\/2022\/10\/esse.png\" alt=\"\" width=\"300\" height=\"300\" srcset=\"https:\/\/met-vet.erasmus.site\/wp-content\/uploads\/2022\/10\/esse.png 300w, https:\/\/met-vet.erasmus.site\/wp-content\/uploads\/2022\/10\/esse-150x150.png 150w\" sizes=\"(max-width: 300px) 100vw, 300px\" \/><\/h3>\n<h3 style=\"text-align: center;\">Essenia UETP (W\u0142ochy)<\/h3>\n<p>ESSENIA UETP-University and Enterprise Training Partnership jest w\u0142osk\u0105 organizacj\u0105 VET za\u0142o\u017con\u0105 w 2005 roku z siedzib\u0105 w Salerno. Specjalizuje si\u0119 w projektach mobilno\u015bci mi\u0119dzynarodowej i zosta\u0142a wyr\u00f3\u017cniona &#8222;Excellence Label&#8221; w ramach programu Erasmus+. Essenia opracowuje i wdra\u017ca programy szkoleniowe i kursy uznane przez Region Kampania i w\u0142oskie Ministerstwo Edukacji; od 2019 roku jest r\u00f3wnie\u017c Centrum Eurodesk.<\/p>\n<p>Do podstawowych dzia\u0142a\u0144 Essenii nale\u017c\u0105:<\/p>\n<p>MOBILNO\u015a\u0106 MI\u0118DZYNARODOWA i projekty unijne &#8211; Essenia zrealizowa\u0142a wiele projekt\u00f3w Erasmus+ KA2 jako koordynator i partner;<\/p>\n<p>SZKOLENIA &#8211; projektowanie i realizacja szkole\u0144 w dziedzinach: Turystyka, Kultura, \u015arodowisko, Rolnictwo, ICT, Marketing, Zarz\u0105dzanie projektami;<\/p>\n<p>PORADNICTWO KARIERY &#8211; jako Centrum Eurodesk, Essenia oferuje bezp\u0142atne doradztwo zawodowe i serwis informacyjny dla m\u0142odzie\u017cy;<\/p>\n<p>DORADZTWO &#8211; Essenia wspiera podmioty publiczne i prywatne w projektowaniu i zarz\u0105dzaniu projektami finansowanymi ze \u015brodk\u00f3w UE.<\/p>\n<hr \/>\n<h3><img loading=\"lazy\" decoding=\"async\" class=\"wp-image-87 size-full aligncenter\" src=\"https:\/\/met-vet.erasmus.site\/wp-content\/uploads\/2022\/10\/oloklirosi.png\" alt=\"\" width=\"300\" height=\"300\" srcset=\"https:\/\/met-vet.erasmus.site\/wp-content\/uploads\/2022\/10\/oloklirosi.png 300w, https:\/\/met-vet.erasmus.site\/wp-content\/uploads\/2022\/10\/oloklirosi-150x150.png 150w\" sizes=\"(max-width: 300px) 100vw, 300px\" \/><\/h3>\n<h3 style=\"text-align: center;\">Lifelong Learning Centre \u00abOloklirosi\u00bb (Grecja)<\/h3>\n<p>Centrum Kszta\u0142cenia Ustawicznego &#8222;Oloklirosi&#8221; posiada certyfikat Krajowej Organizacji Certyfikacji Kwalifikacji i Poradnictwa Zawodowego (EOPPEP) oraz Sekretarza Generalnego ds. Kszta\u0142cenia Ustawicznego Ministerstwa Edukacji (GGDBM). Od 2018 roku organizacja rozszerzy\u0142a swoj\u0105 dzia\u0142alno\u015b\u0107 jako mi\u0119dzynarodowe centrum kszta\u0142cenia ustawicznego poprzez za\u0142o\u017cenie centrum edukacyjnego Erasmuslearn (https:\/\/erasmuslearn.eu\/). Ponadto zapewnia:<\/p>\n<p>&#8211; us\u0142ugi edukacyjne i szkolenia zawodowego dla os\u00f3b bezrobotnych, zagro\u017conych grup spo\u0142ecznych i pracownik\u00f3w, w zakresie nowoczesnych przedmiot\u00f3w odpowiadaj\u0105cych rzeczywistym potrzebom rynku pracy w celu promowania os\u00f3b bezrobotnych i os\u00f3b z zagro\u017conych grup spo\u0142ecznych na rynek pracy oraz podnoszenia kwalifikacji pracownik\u00f3w,<\/p>\n<p>&#8211; us\u0142ugi doradztwa i poradnictwa zawodowego, us\u0142ugi prowadzenia bada\u0144 na rynku pracy,<\/p>\n<p>&#8211; doradztwo w zakresie przedsi\u0119biorczo\u015bci oraz specjalistyczne us\u0142ugi doradztwa w zakresie przedsi\u0119biorczo\u015bci w gospodarce spo\u0142ecznej.<\/p>\n<hr \/>\n<h3><img loading=\"lazy\" decoding=\"async\" class=\"wp-image-88 size-full aligncenter\" src=\"https:\/\/met-vet.erasmus.site\/wp-content\/uploads\/2022\/10\/synesthesis.png\" alt=\"\" width=\"300\" height=\"300\" srcset=\"https:\/\/met-vet.erasmus.site\/wp-content\/uploads\/2022\/10\/synesthesis.png 300w, https:\/\/met-vet.erasmus.site\/wp-content\/uploads\/2022\/10\/synesthesis-150x150.png 150w\" sizes=\"(max-width: 300px) 100vw, 300px\" \/><\/h3>\n<h3 style=\"text-align: center;\">Synthesis Center for Research and Education Limited (Cypr)<\/h3>\n<p>Centrum Bada\u0144 i Edukacji SYNTHESIS jest pioniersk\u0105 organizacj\u0105, kt\u00f3ra inicjuje i wdra\u017ca projekty pozytywnej zmiany spo\u0142ecznej w dziedzinie przedsi\u0119biorczo\u015bci, zaanga\u017cowania obywatelskiego, umiej\u0119tno\u015bci cyfrowych i integracji migrant\u00f3w. SYNTHESIS jest prawdopodobnie wiod\u0105c\u0105 instytucj\u0105 w dziedzinie przedsi\u0119biorczo\u015bci spo\u0142ecznej na wyspie. Jednym z jej sukces\u00f3w jest za\u0142o\u017cenie &#8222;Hub Nicosia&#8221;, centrum wsp\u00f3\u0142pracy dla organizacji o celach kulturalnych, \u015brodowiskowych i spo\u0142ecznych. SYNTHESIS zapewnia nieformaln\u0105 edukacj\u0119 zr\u00f3\u017cnicowanym i wra\u017cliwym grupom, aby pom\u00f3c im zdoby\u0107 umiej\u0119tno\u015bci potrzebne do prowadzenia satysfakcjonuj\u0105cego i produktywnego \u017cycia. Jako dostawca VET, SYNTHESIS dostarcza r\u00f3wnie\u017c programy szkoleniowe w zakresie przedsi\u0119biorczo\u015bci i umiej\u0119tno\u015bci mi\u0119kkich, szczeg\u00f3lnie dla os\u00f3b zagro\u017conych wykluczeniem spo\u0142ecznym, w tym dzieci, kobiet, migrant\u00f3w i uchod\u017ac\u00f3w, os\u00f3b z trudno\u015bciami w uczeniu si\u0119 i zaburzeniami emocjonalnymi, m\u0142odzie\u017cy i os\u00f3b d\u0142ugotrwale bezrobotnych.<\/p>\n<hr \/>\n<h3><img loading=\"lazy\" decoding=\"async\" class=\"wp-image-89 size-full aligncenter\" src=\"https:\/\/met-vet.erasmus.site\/wp-content\/uploads\/2022\/10\/cuiblue.png\" alt=\"\" width=\"300\" height=\"300\" srcset=\"https:\/\/met-vet.erasmus.site\/wp-content\/uploads\/2022\/10\/cuiblue.png 300w, https:\/\/met-vet.erasmus.site\/wp-content\/uploads\/2022\/10\/cuiblue-150x150.png 150w\" sizes=\"(max-width: 300px) 100vw, 300px\" \/><\/h3>\n<h3 style=\"text-align: center;\">Cuiablue O\u00dc (Estonia)<\/h3>\n<p>Cuiablue O\u00dc to przedsi\u0119biorstwo spo\u0142eczne, kt\u00f3re nap\u0119dza pozytywne zmiany spo\u0142eczne i \u015brodowiskowe poprzez kreatywne rozwi\u0105zania edukacyjne w zakresie dostosowanego do potrzeb nieformalnego uczenia si\u0119 i szkolenia zawodowego. Podstawow\u0105 dzia\u0142alno\u015bci\u0105 Cuiablue O\u00dc jest projektowanie, rozw\u00f3j, zarz\u0105dzanie, wdra\u017canie oraz szerokie rozpowszechnianie i wykorzystywanie innowacji spo\u0142ecznych oraz projekt\u00f3w i program\u00f3w badawczych, w celu wspierania szerszych europejskich cel\u00f3w strategicznych. Cuiablue O\u00dc specjalizuje si\u0119 w projektowaniu innowacyjnych narz\u0119dzi wspieraj\u0105cych ruchy edukacyjne poprzez wsp\u00f3\u0142prac\u0119 z grupami ludzi w celu rozwoju ich wsp\u00f3lnych idei \u015brodowiskowych, spo\u0142ecznych lub kulturowych przy jednoczesnym rozwijaniu ich umiej\u0119tno\u015bci i wiedzy. Celem Cuiablue O\u00dc jest wykorzystanie wiedzy i sieci europejskich do generowania d\u0142ugoterminowego, pozytywnego wp\u0142ywu spo\u0142ecznego i cyfrowego w dziedzinie edukacji doros\u0142ych, edukacji szkolnej, edukacji zawodowej i szkole\u0144, przy jednoczesnym wspieraniu upodmiotowienia i aktywnego uczestnictwa w\u015br\u00f3d m\u0142odzie\u017cy i spo\u0142eczno\u015bci marginalizowanych, takich jak osoby starsze, uchod\u017acy i migranci.<\/p>","protected":false},"excerpt":{"rendered":"<p>CENTRUM WSPIERANIA EDUKACJI I PRZEDSIEBIORCZO\u015aCI (Polska) Centrum Wspierania Edukacji i Przedsi\u0119biorczo\u015bci (CWEP) jest organizacj\u0105 pozarz\u0105dow\u0105 za\u0142o\u017con\u0105 w 2004 roku przez grup\u0119 przedsi\u0119biorc\u00f3w, nauczycieli i dzia\u0142aczy spo\u0142ecznych z Rzeszowa. Misj\u0105 CWEP jest podnoszenie jako\u015bci kszta\u0142cenia na wszystkich poziomach i we wszystkich jego formach oraz promowanie przedsi\u0119biorczo\u015bci w celu wspierania integracji ka\u017cdej grupy spo\u0142ecznej bez wzgl\u0119du na&hellip;&nbsp;<a href=\"https:\/\/met-vet.erasmus.site\/pl\/our-team\/\" rel=\"bookmark\">Dowiedz si\u0119 wi\u0119cej &raquo;<span class=\"screen-reader-text\">Partnerzy<\/span><\/a><\/p>\n","protected":false},"author":1,"featured_media":0,"parent":0,"menu_order":0,"comment_status":"closed","ping_status":"closed","template":"","meta":{"neve_meta_sidebar":"","neve_meta_container":"","neve_meta_enable_content_width":"off","neve_meta_content_width":100,"neve_meta_title_alignment":"","neve_meta_author_avatar":"","neve_post_elements_order":"","neve_meta_disable_header":"","neve_meta_disable_footer":"","neve_meta_disable_title":"","footnotes":""},"class_list":["post-56","page","type-page","status-publish","hentry"],"_links":{"self":[{"href":"https:\/\/met-vet.erasmus.site\/pl\/wp-json\/wp\/v2\/pages\/56","targetHints":{"allow":["GET"]}}],"collection":[{"href":"https:\/\/met-vet.erasmus.site\/pl\/wp-json\/wp\/v2\/pages"}],"about":[{"href":"https:\/\/met-vet.erasmus.site\/pl\/wp-json\/wp\/v2\/types\/page"}],"author":[{"embeddable":true,"href":"https:\/\/met-vet.erasmus.site\/pl\/wp-json\/wp\/v2\/users\/1"}],"replies":[{"embeddable":true,"href":"https:\/\/met-vet.erasmus.site\/pl\/wp-json\/wp\/v2\/comments?post=56"}],"version-history":[{"count":10,"href":"https:\/\/met-vet.erasmus.site\/pl\/wp-json\/wp\/v2\/pages\/56\/revisions"}],"predecessor-version":[{"id":485,"href":"https:\/\/met-vet.erasmus.site\/pl\/wp-json\/wp\/v2\/pages\/56\/revisions\/485"}],"wp:attachment":[{"href":"https:\/\/met-vet.erasmus.site\/pl\/wp-json\/wp\/v2\/media?parent=56"}],"curies":[{"name":"wp","href":"https:\/\/api.w.org\/{rel}","templated":true}]}}