{"id":436,"date":"2024-06-25T15:16:48","date_gmt":"2024-06-25T15:16:48","guid":{"rendered":"https:\/\/met-vet.erasmus.site\/?page_id=436"},"modified":"2024-06-28T13:09:32","modified_gmt":"2024-06-28T13:09:32","slug":"r4","status":"publish","type":"page","link":"https:\/\/met-vet.erasmus.site\/pl\/results\/r4\/","title":{"rendered":"Zestaw narz\u0119dzi do zarz\u0105dzania zmian\u0105 w VET metapoznaniu"},"content":{"rendered":"<p><iframe style=\"width: 100%; height: 800px;\" src=\"https:\/\/met-vet.erasmus.site\/wp-content\/r4\/t_pl\/book.html\" frameborder=\"0\" scrolling=\"no\" seamless=\"seamless\" allowfullscreen=\"allowfullscreen\"><\/iframe><\/p>\n<p style=\"text-align: center;\"><a class=\"btn btn-primary\" role=\"button\" href=\"https:\/\/met-vet.erasmus.site\/wp-content\/uploads\/2024\/06\/MET-VET-R4-Toolkit_FINAL_PL.pdf\" target=\"_blank\" rel=\"noopener\">Pobierz<\/a><\/p>\n<p><\/p>","protected":false},"excerpt":{"rendered":"<p>Pobierz<\/p>\n","protected":false},"author":1,"featured_media":0,"parent":176,"menu_order":0,"comment_status":"closed","ping_status":"closed","template":"","meta":{"neve_meta_sidebar":"","neve_meta_container":"","neve_meta_enable_content_width":"off","neve_meta_content_width":100,"neve_meta_title_alignment":"","neve_meta_author_avatar":"","neve_post_elements_order":"","neve_meta_disable_header":"","neve_meta_disable_footer":"","neve_meta_disable_title":"","footnotes":""},"class_list":["post-436","page","type-page","status-publish","hentry"],"_links":{"self":[{"href":"https:\/\/met-vet.erasmus.site\/pl\/wp-json\/wp\/v2\/pages\/436","targetHints":{"allow":["GET"]}}],"collection":[{"href":"https:\/\/met-vet.erasmus.site\/pl\/wp-json\/wp\/v2\/pages"}],"about":[{"href":"https:\/\/met-vet.erasmus.site\/pl\/wp-json\/wp\/v2\/types\/page"}],"author":[{"embeddable":true,"href":"https:\/\/met-vet.erasmus.site\/pl\/wp-json\/wp\/v2\/users\/1"}],"replies":[{"embeddable":true,"href":"https:\/\/met-vet.erasmus.site\/pl\/wp-json\/wp\/v2\/comments?post=436"}],"version-history":[{"count":3,"href":"https:\/\/met-vet.erasmus.site\/pl\/wp-json\/wp\/v2\/pages\/436\/revisions"}],"predecessor-version":[{"id":539,"href":"https:\/\/met-vet.erasmus.site\/pl\/wp-json\/wp\/v2\/pages\/436\/revisions\/539"}],"up":[{"embeddable":true,"href":"https:\/\/met-vet.erasmus.site\/pl\/wp-json\/wp\/v2\/pages\/176"}],"wp:attachment":[{"href":"https:\/\/met-vet.erasmus.site\/pl\/wp-json\/wp\/v2\/media?parent=436"}],"curies":[{"name":"wp","href":"https:\/\/api.w.org\/{rel}","templated":true}]}}