{"id":35,"date":"2022-10-12T18:42:13","date_gmt":"2022-10-12T18:42:13","guid":{"rendered":"https:\/\/met-vet.erasmus.site\/?page_id=35"},"modified":"2024-06-28T10:57:52","modified_gmt":"2024-06-28T10:57:52","slug":"about-the-project","status":"publish","type":"page","link":"https:\/\/met-vet.erasmus.site\/pl\/about-the-project\/","title":{"rendered":"O projekcie"},"content":{"rendered":"<p>Kraje cz\u0142onkowskie Unii Europejskiej przyj\u0119li szereg dokument\u00f3w politycznych maj\u0105cych na celu zmniejszenie ich wp\u0142ywu na \u015brodowisko. W tym sensie instytucje edukacyjne (w tym o\u015brodki kszta\u0142cenia i szkolenia zawodowego) mog\u0105 sta\u0107 si\u0119 or\u0119downikami &#8222;procesu ekologizacji&#8221; poprzez wyposa\u017cenie nauczycieli w niezb\u0119dne kompetencje w zakresie ochrony \u015brodowiska i pomaganie ucz\u0105cym si\u0119 w rozwijaniu refleksyjnego i ekologicznego sposobu my\u015blenia. W tym celu mo\u017cna wykorzysta\u0107 metakognitywne* strategie uczenia si\u0119, kt\u00f3re pomagaj\u0105 w dostosowaniu do\u015bwiadcze\u0144 w ramach kszta\u0142cenia i szkolenia zawodowego do szerszych kwestii \u015brodowiskowych.<\/p>\n<p>W ramach projektu \u201eMetacognition for Environmental Thinking in VET\u201d, lub MET-VET, opracowany zosta\u0142 zestaw innowacyjnych narz\u0119dzi wspieraj\u0105cych \u015bwiadomo\u015b\u0107 ekologiczn\u0105 poprzez poszerzenie wiedzy i umiej\u0119tno\u015bci metakognitywnych w\u015br\u00f3d os\u00f3b ucz\u0105cych si\u0119 w VET (w tym os\u00f3b z grup ryzyka) i ich trener\u00f3w.<\/p>\n<p>W ramach projektu zosta\u0142y stworzone:<\/p>\n<ol>\n<li>Ramy kompetencji metapoznania dla my\u015blenia ekologicznego, b\u0119d\u0105ce punktem odniesienia dla wszystkich interesariuszy VET we w\u0142\u0105czaniu my\u015blenia \u015brodowiskowego do istniej\u0105cych system\u00f3w VET.<\/li>\n<li>MOOC zawieraj\u0105cy kurs dla trener\u00f3w i ucz\u0105cych si\u0119, s\u0142u\u017c\u0105cy podniesieniu wiedzy w zakresie \u015brodowiskowego my\u015blenia refleksyjnego.<\/li>\n<li>Refleksyjna biblioteka historii cyfrowych i przewodnik tworzenia tre\u015bci, u\u0142atwiaj\u0105ce stworzenie w\u0142asnej metakognitywnej historii cyfrowej o tematyce \u015brodowiskowej jako spos\u00f3b na refleksj\u0119 nad rozwojem osobistym i zawodowym.<\/li>\n<li>Zestaw narz\u0119dzi do zarz\u0105dzania zmian\u0105 metapoznawcz\u0105 w VET, wspieraj\u0105cy centra VET i mened\u017cer\u00f3w w p\u0142ynnym w\u0142\u0105czaniu narz\u0119dzi i podej\u015bcia MET-VET do codziennej pracy.<\/li>\n<\/ol>\n<p>W ten spos\u00f3b MET-VET przyczynia si\u0119 do osi\u0105gni\u0119cia szerszych europejskich cel\u00f3w w zakresie ochrony \u015brodowiska i zr\u00f3wnowa\u017conego rozwoju.<\/p>\n<p>* Kilka film\u00f3w wyja\u015bniaj\u0105cych, czym jest metapoznanie:<\/p>\n<div class=\"nv-iframe-embed\"><iframe title=\"What is metacognition? (Exploring the Metacognition Cycle)\" width=\"1200\" height=\"675\" src=\"https:\/\/www.youtube.com\/embed\/HZrUWvfU6VU?start=1&#038;feature=oembed\" frameborder=\"0\" allow=\"accelerometer; autoplay; clipboard-write; encrypted-media; gyroscope; picture-in-picture; web-share\" referrerpolicy=\"strict-origin-when-cross-origin\" allowfullscreen><\/iframe><\/div>\n<p>https:\/\/www.youtube.com\/watch?v=elZFL4FLVLE&amp;t=2s","protected":false},"excerpt":{"rendered":"<p>Kraje cz\u0142onkowskie Unii Europejskiej przyj\u0119li szereg dokument\u00f3w politycznych maj\u0105cych na celu zmniejszenie ich wp\u0142ywu na \u015brodowisko. W tym sensie instytucje edukacyjne (w tym o\u015brodki kszta\u0142cenia i szkolenia zawodowego) mog\u0105 sta\u0107 si\u0119 or\u0119downikami &#8222;procesu ekologizacji&#8221; poprzez wyposa\u017cenie nauczycieli w niezb\u0119dne kompetencje w zakresie ochrony \u015brodowiska i pomaganie ucz\u0105cym si\u0119 w rozwijaniu refleksyjnego i ekologicznego sposobu my\u015blenia.&hellip;&nbsp;<a href=\"https:\/\/met-vet.erasmus.site\/pl\/about-the-project\/\" rel=\"bookmark\">Dowiedz si\u0119 wi\u0119cej &raquo;<span class=\"screen-reader-text\">O projekcie<\/span><\/a><\/p>\n","protected":false},"author":1,"featured_media":0,"parent":0,"menu_order":0,"comment_status":"closed","ping_status":"closed","template":"","meta":{"neve_meta_sidebar":"","neve_meta_container":"","neve_meta_enable_content_width":"off","neve_meta_content_width":100,"neve_meta_title_alignment":"","neve_meta_author_avatar":"","neve_post_elements_order":"","neve_meta_disable_header":"","neve_meta_disable_footer":"","neve_meta_disable_title":"","footnotes":""},"class_list":["post-35","page","type-page","status-publish","hentry"],"_links":{"self":[{"href":"https:\/\/met-vet.erasmus.site\/pl\/wp-json\/wp\/v2\/pages\/35","targetHints":{"allow":["GET"]}}],"collection":[{"href":"https:\/\/met-vet.erasmus.site\/pl\/wp-json\/wp\/v2\/pages"}],"about":[{"href":"https:\/\/met-vet.erasmus.site\/pl\/wp-json\/wp\/v2\/types\/page"}],"author":[{"embeddable":true,"href":"https:\/\/met-vet.erasmus.site\/pl\/wp-json\/wp\/v2\/users\/1"}],"replies":[{"embeddable":true,"href":"https:\/\/met-vet.erasmus.site\/pl\/wp-json\/wp\/v2\/comments?post=35"}],"version-history":[{"count":16,"href":"https:\/\/met-vet.erasmus.site\/pl\/wp-json\/wp\/v2\/pages\/35\/revisions"}],"predecessor-version":[{"id":527,"href":"https:\/\/met-vet.erasmus.site\/pl\/wp-json\/wp\/v2\/pages\/35\/revisions\/527"}],"wp:attachment":[{"href":"https:\/\/met-vet.erasmus.site\/pl\/wp-json\/wp\/v2\/media?parent=35"}],"curies":[{"name":"wp","href":"https:\/\/api.w.org\/{rel}","templated":true}]}}