{"id":176,"date":"2022-10-13T14:04:12","date_gmt":"2022-10-13T14:04:12","guid":{"rendered":"https:\/\/met-vet.erasmus.site\/?page_id=176"},"modified":"2024-06-28T10:37:44","modified_gmt":"2024-06-28T10:37:44","slug":"results","status":"publish","type":"page","link":"https:\/\/met-vet.erasmus.site\/pl\/results\/","title":{"rendered":"Rezultaty"},"content":{"rendered":"\t\t<div data-elementor-type=\"wp-page\" data-elementor-id=\"176\" class=\"elementor elementor-176\">\n\t\t\t\t\t\t<section class=\"elementor-section elementor-top-section elementor-element elementor-element-8b6d4a0 elementor-section-boxed elementor-section-height-default elementor-section-height-default\" data-id=\"8b6d4a0\" data-element_type=\"section\" data-e-type=\"section\">\n\t\t\t\t\t\t<div class=\"elementor-container elementor-column-gap-default\">\n\t\t\t\t\t<div class=\"elementor-column elementor-col-50 elementor-top-column elementor-element elementor-element-3a66e86\" data-id=\"3a66e86\" data-element_type=\"column\" data-e-type=\"column\">\n\t\t\t<div class=\"elementor-widget-wrap elementor-element-populated\">\n\t\t\t\t\t\t<div class=\"elementor-element elementor-element-46becb3 elementor-widget elementor-widget-image\" data-id=\"46becb3\" data-element_type=\"widget\" data-e-type=\"widget\" data-widget_type=\"image.default\">\n\t\t\t\t<div class=\"elementor-widget-container\">\n\t\t\t\t\t\t\t\t\t\t\t\t\t\t\t<img fetchpriority=\"high\" decoding=\"async\" width=\"300\" height=\"199\" src=\"https:\/\/met-vet.erasmus.site\/wp-content\/uploads\/2024\/06\/1-300x199.jpg\" class=\"attachment-medium size-medium wp-image-408\" alt=\"\" srcset=\"https:\/\/met-vet.erasmus.site\/wp-content\/uploads\/2024\/06\/1-300x199.jpg 300w, https:\/\/met-vet.erasmus.site\/wp-content\/uploads\/2024\/06\/1-1024x678.jpg 1024w, https:\/\/met-vet.erasmus.site\/wp-content\/uploads\/2024\/06\/1-768x508.jpg 768w, https:\/\/met-vet.erasmus.site\/wp-content\/uploads\/2024\/06\/1-1536x1016.jpg 1536w, https:\/\/met-vet.erasmus.site\/wp-content\/uploads\/2024\/06\/1-2048x1355.jpg 2048w, https:\/\/met-vet.erasmus.site\/wp-content\/uploads\/2024\/06\/1-930x620.jpg 930w\" sizes=\"(max-width: 300px) 100vw, 300px\" \/>\t\t\t\t\t\t\t\t\t\t\t\t\t\t\t<\/div>\n\t\t\t\t<\/div>\n\t\t\t\t<div class=\"elementor-element elementor-element-4790e87 elementor-align-center elementor-widget elementor-widget-button\" data-id=\"4790e87\" data-element_type=\"widget\" data-e-type=\"widget\" data-widget_type=\"button.default\">\n\t\t\t\t<div class=\"elementor-widget-container\">\n\t\t\t\t\t\t\t\t\t<div class=\"elementor-button-wrapper\">\n\t\t\t\t\t<a class=\"elementor-button elementor-button-link elementor-size-sm\" href=\"https:\/\/met-vet.erasmus.site\/results\/r1\/\">\n\t\t\t\t\t\t<span class=\"elementor-button-content-wrapper\">\n\t\t\t\t\t\t\t\t\t<span class=\"elementor-button-text\">Otw\u00f3rz<\/span>\n\t\t\t\t\t<\/span>\n\t\t\t\t\t<\/a>\n\t\t\t\t<\/div>\n\t\t\t\t\t\t\t\t<\/div>\n\t\t\t\t<\/div>\n\t\t\t\t<div class=\"elementor-element elementor-element-c9bfec1 elementor-widget elementor-widget-text-editor\" data-id=\"c9bfec1\" data-element_type=\"widget\" data-e-type=\"widget\" data-widget_type=\"text-editor.default\">\n\t\t\t\t<div class=\"elementor-widget-container\">\n\t\t\t\t\t\t\t\t\t<p><strong>Rezultat 1:<\/strong> Ramy kompetencji metapoznania dla my\u015blenia ekologicznego &#8211; po\u0142\u0105czenie kompetencji metakognitywnych, \u015bwiadomo\u015bci, podej\u015bcia i dzia\u0142ania na rzecz \u015brodowiska w kontek\u015bcie europejskiego kszta\u0142cenia i szkolenia zawodowego.<\/p>\t\t\t\t\t\t\t\t<\/div>\n\t\t\t\t<\/div>\n\t\t\t\t\t<\/div>\n\t\t<\/div>\n\t\t\t\t<div class=\"elementor-column elementor-col-50 elementor-top-column elementor-element elementor-element-2c3eef2\" data-id=\"2c3eef2\" data-element_type=\"column\" data-e-type=\"column\">\n\t\t\t<div class=\"elementor-widget-wrap elementor-element-populated\">\n\t\t\t\t\t\t<div class=\"elementor-element elementor-element-a8755e3 elementor-widget elementor-widget-image\" data-id=\"a8755e3\" data-element_type=\"widget\" data-e-type=\"widget\" data-widget_type=\"image.default\">\n\t\t\t\t<div class=\"elementor-widget-container\">\n\t\t\t\t\t\t\t\t\t\t\t\t\t\t\t<img decoding=\"async\" width=\"300\" height=\"200\" src=\"https:\/\/met-vet.erasmus.site\/wp-content\/uploads\/2024\/06\/2-300x200.jpg\" class=\"attachment-medium size-medium wp-image-409\" alt=\"\" srcset=\"https:\/\/met-vet.erasmus.site\/wp-content\/uploads\/2024\/06\/2-300x200.jpg 300w, https:\/\/met-vet.erasmus.site\/wp-content\/uploads\/2024\/06\/2-1024x683.jpg 1024w, https:\/\/met-vet.erasmus.site\/wp-content\/uploads\/2024\/06\/2-768x512.jpg 768w, https:\/\/met-vet.erasmus.site\/wp-content\/uploads\/2024\/06\/2-1536x1024.jpg 1536w, https:\/\/met-vet.erasmus.site\/wp-content\/uploads\/2024\/06\/2-2048x1365.jpg 2048w, https:\/\/met-vet.erasmus.site\/wp-content\/uploads\/2024\/06\/2-930x620.jpg 930w\" sizes=\"(max-width: 300px) 100vw, 300px\" \/>\t\t\t\t\t\t\t\t\t\t\t\t\t\t\t<\/div>\n\t\t\t\t<\/div>\n\t\t\t\t<div class=\"elementor-element elementor-element-ca0f2b7 elementor-align-center elementor-widget elementor-widget-button\" data-id=\"ca0f2b7\" data-element_type=\"widget\" data-e-type=\"widget\" data-widget_type=\"button.default\">\n\t\t\t\t<div class=\"elementor-widget-container\">\n\t\t\t\t\t\t\t\t\t<div class=\"elementor-button-wrapper\">\n\t\t\t\t\t<a class=\"elementor-button elementor-button-link elementor-size-sm\" href=\"https:\/\/met-vet.erasmus.site\/platform\" target=\"_blank\">\n\t\t\t\t\t\t<span class=\"elementor-button-content-wrapper\">\n\t\t\t\t\t\t\t\t\t<span class=\"elementor-button-text\">Otw\u00f3rz<\/span>\n\t\t\t\t\t<\/span>\n\t\t\t\t\t<\/a>\n\t\t\t\t<\/div>\n\t\t\t\t\t\t\t\t<\/div>\n\t\t\t\t<\/div>\n\t\t\t\t<div class=\"elementor-element elementor-element-b2b82be elementor-widget elementor-widget-text-editor\" data-id=\"b2b82be\" data-element_type=\"widget\" data-e-type=\"widget\" data-widget_type=\"text-editor.default\">\n\t\t\t\t<div class=\"elementor-widget-container\">\n\t\t\t\t\t\t\t\t\t<p><strong>Rezultat 2:<\/strong> MOOC skierowany do trener\u00f3w i ucz\u0105cych si\u0119 &#8211; siedem modu\u0142\u00f3w w ka\u017cdym kursie. <\/p>\t\t\t\t\t\t\t\t<\/div>\n\t\t\t\t<\/div>\n\t\t\t\t\t<\/div>\n\t\t<\/div>\n\t\t\t\t\t<\/div>\n\t\t<\/section>\n\t\t\t\t<section class=\"elementor-section elementor-top-section elementor-element elementor-element-a5c83f3 elementor-section-boxed elementor-section-height-default elementor-section-height-default\" data-id=\"a5c83f3\" data-element_type=\"section\" data-e-type=\"section\">\n\t\t\t\t\t\t<div class=\"elementor-container elementor-column-gap-default\">\n\t\t\t\t\t<div class=\"elementor-column elementor-col-50 elementor-top-column elementor-element elementor-element-facfc0f\" data-id=\"facfc0f\" data-element_type=\"column\" data-e-type=\"column\">\n\t\t\t<div class=\"elementor-widget-wrap elementor-element-populated\">\n\t\t\t\t\t\t<div class=\"elementor-element elementor-element-edff602 elementor-widget elementor-widget-image\" data-id=\"edff602\" data-element_type=\"widget\" data-e-type=\"widget\" data-widget_type=\"image.default\">\n\t\t\t\t<div class=\"elementor-widget-container\">\n\t\t\t\t\t\t\t\t\t\t\t\t\t\t\t<img decoding=\"async\" width=\"300\" height=\"200\" src=\"https:\/\/met-vet.erasmus.site\/wp-content\/uploads\/2024\/06\/3-300x200.jpg\" class=\"attachment-medium size-medium wp-image-410\" alt=\"\" srcset=\"https:\/\/met-vet.erasmus.site\/wp-content\/uploads\/2024\/06\/3-300x200.jpg 300w, https:\/\/met-vet.erasmus.site\/wp-content\/uploads\/2024\/06\/3-1024x683.jpg 1024w, https:\/\/met-vet.erasmus.site\/wp-content\/uploads\/2024\/06\/3-768x512.jpg 768w, https:\/\/met-vet.erasmus.site\/wp-content\/uploads\/2024\/06\/3-1536x1024.jpg 1536w, https:\/\/met-vet.erasmus.site\/wp-content\/uploads\/2024\/06\/3-2048x1365.jpg 2048w, https:\/\/met-vet.erasmus.site\/wp-content\/uploads\/2024\/06\/3-930x620.jpg 930w\" sizes=\"(max-width: 300px) 100vw, 300px\" \/>\t\t\t\t\t\t\t\t\t\t\t\t\t\t\t<\/div>\n\t\t\t\t<\/div>\n\t\t\t\t<div class=\"elementor-element elementor-element-3463e58 elementor-align-center elementor-widget elementor-widget-button\" data-id=\"3463e58\" data-element_type=\"widget\" data-e-type=\"widget\" data-widget_type=\"button.default\">\n\t\t\t\t<div class=\"elementor-widget-container\">\n\t\t\t\t\t\t\t\t\t<div class=\"elementor-button-wrapper\">\n\t\t\t\t\t<a class=\"elementor-button elementor-button-link elementor-size-sm\" href=\"https:\/\/met-vet.erasmus.site\/platform\" target=\"_blank\">\n\t\t\t\t\t\t<span class=\"elementor-button-content-wrapper\">\n\t\t\t\t\t\t\t\t\t<span class=\"elementor-button-text\">Otw\u00f3rz<\/span>\n\t\t\t\t\t<\/span>\n\t\t\t\t\t<\/a>\n\t\t\t\t<\/div>\n\t\t\t\t\t\t\t\t<\/div>\n\t\t\t\t<\/div>\n\t\t\t\t<div class=\"elementor-element elementor-element-765f99a elementor-widget elementor-widget-text-editor\" data-id=\"765f99a\" data-element_type=\"widget\" data-e-type=\"widget\" data-widget_type=\"text-editor.default\">\n\t\t\t\t<div class=\"elementor-widget-container\">\n\t\t\t\t\t\t\t\t\t<p><strong>Rezultat 3:<\/strong> Refleksyjna biblioteka historii cyfrowych i przewodnik tworzenia \u2013 wci\u0105gaj\u0105ca, anga\u017cuj\u0105ca i wysoce innowacyjna metoda anga\u017cowania ucz\u0105cych si\u0119.<\/p>\t\t\t\t\t\t\t\t<\/div>\n\t\t\t\t<\/div>\n\t\t\t\t\t<\/div>\n\t\t<\/div>\n\t\t\t\t<div class=\"elementor-column elementor-col-50 elementor-top-column elementor-element elementor-element-ee10afa\" data-id=\"ee10afa\" data-element_type=\"column\" data-e-type=\"column\">\n\t\t\t<div class=\"elementor-widget-wrap elementor-element-populated\">\n\t\t\t\t\t\t<div class=\"elementor-element elementor-element-d0f60d2 elementor-widget elementor-widget-image\" data-id=\"d0f60d2\" data-element_type=\"widget\" data-e-type=\"widget\" data-widget_type=\"image.default\">\n\t\t\t\t<div class=\"elementor-widget-container\">\n\t\t\t\t\t\t\t\t\t\t\t\t\t\t\t<img loading=\"lazy\" decoding=\"async\" width=\"300\" height=\"225\" src=\"https:\/\/met-vet.erasmus.site\/wp-content\/uploads\/2024\/06\/4-300x225.jpg\" class=\"attachment-medium size-medium wp-image-411\" alt=\"\" srcset=\"https:\/\/met-vet.erasmus.site\/wp-content\/uploads\/2024\/06\/4-300x225.jpg 300w, https:\/\/met-vet.erasmus.site\/wp-content\/uploads\/2024\/06\/4-1024x769.jpg 1024w, https:\/\/met-vet.erasmus.site\/wp-content\/uploads\/2024\/06\/4-768x576.jpg 768w, https:\/\/met-vet.erasmus.site\/wp-content\/uploads\/2024\/06\/4-1536x1153.jpg 1536w, https:\/\/met-vet.erasmus.site\/wp-content\/uploads\/2024\/06\/4-2048x1537.jpg 2048w\" sizes=\"(max-width: 300px) 100vw, 300px\" \/>\t\t\t\t\t\t\t\t\t\t\t\t\t\t\t<\/div>\n\t\t\t\t<\/div>\n\t\t\t\t<div class=\"elementor-element elementor-element-8640297 elementor-align-center elementor-widget elementor-widget-button\" data-id=\"8640297\" data-element_type=\"widget\" data-e-type=\"widget\" data-widget_type=\"button.default\">\n\t\t\t\t<div class=\"elementor-widget-container\">\n\t\t\t\t\t\t\t\t\t<div class=\"elementor-button-wrapper\">\n\t\t\t\t\t<a class=\"elementor-button elementor-button-link elementor-size-sm\" href=\"https:\/\/met-vet.erasmus.site\/results\/r4\/\">\n\t\t\t\t\t\t<span class=\"elementor-button-content-wrapper\">\n\t\t\t\t\t\t\t\t\t<span class=\"elementor-button-text\">Otw\u00f3rz<\/span>\n\t\t\t\t\t<\/span>\n\t\t\t\t\t<\/a>\n\t\t\t\t<\/div>\n\t\t\t\t\t\t\t\t<\/div>\n\t\t\t\t<\/div>\n\t\t\t\t<div class=\"elementor-element elementor-element-ae8134a elementor-widget elementor-widget-text-editor\" data-id=\"ae8134a\" data-element_type=\"widget\" data-e-type=\"widget\" data-widget_type=\"text-editor.default\">\n\t\t\t\t<div class=\"elementor-widget-container\">\n\t\t\t\t\t\t\t\t\t<p><strong>Rezultat 4<\/strong>: Zestaw narz\u0119dzi s\u0142u\u017c\u0105cy do kierowania zmian\u0105 metapoznawcz\u0105 w VET \u2013 to \u00a0zestaw kluczowych zasob\u00f3w dla centr\u00f3w zawodowych oraz ich lider\u00f3w i personelu\u00a0 zarz\u0105dzaj\u0105cego, kt\u00f3rego celem jest wsparcie w przej\u015bciu do integracji metapoznania \u015brodowiskowego w istniej\u0105cym \u015brodowisku edukacyjnym.<\/p>\t\t\t\t\t\t\t\t<\/div>\n\t\t\t\t<\/div>\n\t\t\t\t\t<\/div>\n\t\t<\/div>\n\t\t\t\t\t<\/div>\n\t\t<\/section>\n\t\t\t\t<\/div>\n\t\t","protected":false},"excerpt":{"rendered":"<p>Otw\u00f3rz Rezultat 1: Ramy kompetencji metapoznania dla my\u015blenia ekologicznego &#8211; po\u0142\u0105czenie kompetencji metakognitywnych, \u015bwiadomo\u015bci, podej\u015bcia i dzia\u0142ania na rzecz \u015brodowiska w kontek\u015bcie europejskiego kszta\u0142cenia i szkolenia zawodowego. Otw\u00f3rz Rezultat 2: MOOC skierowany do trener\u00f3w i ucz\u0105cych si\u0119 &#8211; siedem modu\u0142\u00f3w w ka\u017cdym kursie. Otw\u00f3rz Rezultat 3: Refleksyjna biblioteka historii cyfrowych i przewodnik tworzenia \u2013 wci\u0105gaj\u0105ca,&hellip;&nbsp;<a href=\"https:\/\/met-vet.erasmus.site\/pl\/results\/\" rel=\"bookmark\">Dowiedz si\u0119 wi\u0119cej &raquo;<span class=\"screen-reader-text\">Rezultaty<\/span><\/a><\/p>\n","protected":false},"author":1,"featured_media":0,"parent":0,"menu_order":0,"comment_status":"closed","ping_status":"closed","template":"","meta":{"neve_meta_sidebar":"","neve_meta_container":"","neve_meta_enable_content_width":"off","neve_meta_content_width":100,"neve_meta_title_alignment":"","neve_meta_author_avatar":"","neve_post_elements_order":"","neve_meta_disable_header":"","neve_meta_disable_footer":"","neve_meta_disable_title":"","footnotes":""},"class_list":["post-176","page","type-page","status-publish","hentry"],"_links":{"self":[{"href":"https:\/\/met-vet.erasmus.site\/pl\/wp-json\/wp\/v2\/pages\/176","targetHints":{"allow":["GET"]}}],"collection":[{"href":"https:\/\/met-vet.erasmus.site\/pl\/wp-json\/wp\/v2\/pages"}],"about":[{"href":"https:\/\/met-vet.erasmus.site\/pl\/wp-json\/wp\/v2\/types\/page"}],"author":[{"embeddable":true,"href":"https:\/\/met-vet.erasmus.site\/pl\/wp-json\/wp\/v2\/users\/1"}],"replies":[{"embeddable":true,"href":"https:\/\/met-vet.erasmus.site\/pl\/wp-json\/wp\/v2\/comments?post=176"}],"version-history":[{"count":77,"href":"https:\/\/met-vet.erasmus.site\/pl\/wp-json\/wp\/v2\/pages\/176\/revisions"}],"predecessor-version":[{"id":522,"href":"https:\/\/met-vet.erasmus.site\/pl\/wp-json\/wp\/v2\/pages\/176\/revisions\/522"}],"wp:attachment":[{"href":"https:\/\/met-vet.erasmus.site\/pl\/wp-json\/wp\/v2\/media?parent=176"}],"curies":[{"name":"wp","href":"https:\/\/api.w.org\/{rel}","templated":true}]}}