{"id":56,"date":"2022-10-12T18:55:51","date_gmt":"2022-10-12T18:55:51","guid":{"rendered":"https:\/\/met-vet.erasmus.site\/?page_id=56"},"modified":"2024-06-28T10:13:14","modified_gmt":"2024-06-28T10:13:14","slug":"our-team","status":"publish","type":"page","link":"https:\/\/met-vet.erasmus.site\/it\/our-team\/","title":{"rendered":"Il team"},"content":{"rendered":"<p><\/p>\n<h3><img fetchpriority=\"high\" decoding=\"async\" class=\"size-full wp-image-57 aligncenter\" src=\"https:\/\/met-vet.erasmus.site\/wp-content\/uploads\/2022\/10\/cwep.png\" alt=\"\" width=\"300\" height=\"300\" srcset=\"https:\/\/met-vet.erasmus.site\/wp-content\/uploads\/2022\/10\/cwep.png 300w, https:\/\/met-vet.erasmus.site\/wp-content\/uploads\/2022\/10\/cwep-150x150.png 150w\" sizes=\"(max-width: 300px) 100vw, 300px\" \/><\/h3>\n<h3 style=\"text-align: center;\">CENTRUM WSPIERANIA EDUKACJI I PRZEDSIEBIORCZOSCI (Polonia)<\/h3>\n<p>Il Centro per il Supporto all\u2019Educazione e all\u2019Imprenditoria (CWEP) \u00e8 un&#8217;organizzazione non governativa fondata nel 2004 da un gruppo di imprenditori, insegnanti e attivisti sociali di Rzesz\u00f3w. La missione di CWEP \u00e8 aumentare la qualit\u00e0 della formazione a tutti i livelli e in tutte le sue forme, nonch\u00e9 promuovere l&#8217;imprenditorialit\u00e0 al fine di favorire l&#8217;integrazione di qualsiasi gruppo sociale indipendentemente dal sesso, dall&#8217;et\u00e0 e dall&#8217;origine etnica. L&#8217;obiettivo di CWEP \u00e8 promuovere e implementare le migliori soluzioni che concorrono a questo scopo. In particolare, gli obiettivi sono migliorare l&#8217;accessibilit\u00e0, la qualit\u00e0 e l&#8217;efficienza dell&#8217;istruzione di tutte le persone, promuovere e contribuire all&#8217;istruzione degli adulti, all&#8217;apprendimento permanente, all&#8217;e-learning e all&#8217;uso delle moderne tecnologie nei settori dell&#8217;istruzione e dell&#8217;imprenditorialit\u00e0. L&#8217;Associazione lavora con molti partner europei per rafforzare la posizione economica delle imprese e mette a disposizione delle aziende una piattaforma online.<\/p>\n<hr \/>\n<h3><img decoding=\"async\" class=\"aligncenter wp-image-85 size-full\" src=\"https:\/\/met-vet.erasmus.site\/wp-content\/uploads\/2022\/10\/inercia.png\" alt=\"\" width=\"300\" height=\"300\" srcset=\"https:\/\/met-vet.erasmus.site\/wp-content\/uploads\/2022\/10\/inercia.png 300w, https:\/\/met-vet.erasmus.site\/wp-content\/uploads\/2022\/10\/inercia-150x150.png 150w\" sizes=\"(max-width: 300px) 100vw, 300px\" \/><\/h3>\n<h3 style=\"text-align: center;\">Inercia Digital SL (Spagna)<\/h3>\n<p>Fondata nel 2010, Inercia Digital \u00e8 un&#8217; organizzazione andalusa specializzata nella formazione e nell\u2019innovazione nelle competenze digitali a livello internazionale.<\/p>\n<p>E\u2019 un centro VET (Formazione professionale per l&#8217;occupazione) ufficialmente accreditato dal nostro regionale e la principale area di competenza \u00e8 la promozione delle competenze digitali e imprenditoriali, che vengono rese accessibili attraverso il nostro Campus Virtuale, approvato dal governo regionale dell&#8217;Andalusia come Centro di Formazione Virtuale per l&#8217;occupazione.<\/p>\n<hr \/>\n<h3><img decoding=\"async\" class=\"wp-image-86 size-full aligncenter\" src=\"https:\/\/met-vet.erasmus.site\/wp-content\/uploads\/2022\/10\/vhs.png\" alt=\"\" width=\"300\" height=\"300\" srcset=\"https:\/\/met-vet.erasmus.site\/wp-content\/uploads\/2022\/10\/vhs.png 300w, https:\/\/met-vet.erasmus.site\/wp-content\/uploads\/2022\/10\/vhs-150x150.png 150w\" sizes=\"(max-width: 300px) 100vw, 300px\" \/><\/h3>\n<h3 style=\"text-align: center;\">Volkshochschule im Landkreis Cham e.V. (Germania)<\/h3>\n<p>Volkshochschule im Landkreis Cham e.V. (Centro di istruzione per adulti nel distretto di Cham) \u00e8 un&#8217;istituzione senza scopo di lucro non statale che fornisce servizi educativi alla popolazione adulta nel distretto di Cham.<\/p>\n<p>La missione dell&#8217;organizzazione \u00e8 garantire il diritto all&#8217;istruzione, l&#8217;accesso ai servizi di apprendimento permanente e le pari opportunit\u00e0 fornendo ai cittadini le conoscenze e le competenze necessarie per essere membri attivi della societ\u00e0. A tal fine, l&#8217;istituto fornisce un&#8217;ampia gamma di servizi su tematiche professionali (ad es. TIC, contabilit\u00e0, marketing) e non professionali (stile di vita sano e &#8220;sostenibile&#8221;, sport, cultura).<\/p>\n<hr \/>\n<h3><img loading=\"lazy\" decoding=\"async\" class=\"wp-image-84 size-full aligncenter\" src=\"https:\/\/met-vet.erasmus.site\/wp-content\/uploads\/2022\/10\/esse.png\" alt=\"\" width=\"300\" height=\"300\" srcset=\"https:\/\/met-vet.erasmus.site\/wp-content\/uploads\/2022\/10\/esse.png 300w, https:\/\/met-vet.erasmus.site\/wp-content\/uploads\/2022\/10\/esse-150x150.png 150w\" sizes=\"(max-width: 300px) 100vw, 300px\" \/><\/h3>\n<h3 style=\"text-align: center;\">Essenia UETP (Italia)<\/h3>\n<p>ESSENIA UETP-University and Enterprise Training Partnership \u00e8 un&#8217;organizzazione italiana di formazione professionale fondata nel 2005, con sede a Salerno. \u00c8 specializzata in progetti di mobilit\u00e0 transnazionale ed, oltre alla Carta della Mobilit\u00e0 VET (2015-2020) e all\u2019Accreditamento Erasmus (2021-2027) \u00e8 stata anche insignita del \u201cLabel di Eccellenza\u201d nell&#8217;ambito del Programma Erasmus+. Essenia sviluppa e realizza programmi e corsi di formazione riconosciuti dalla Regione Campania e dal Ministero dell&#8217;Istruzione italiano; dal 2019 \u00e8 anche Centro Eurodesk<\/p>\n<p>Le attivit\u00e0 principali di Essenia sono:<\/p>\n<p>MOBILIT\u00c0 INTERNAZIONALE e progetti Europei &#8211; Essenia ha realizzato molti progetti Erasmus+ KA2 come coordinatoree partner;<\/p>\n<p>FORMAZIONE \u2013 crea ed eroga percorsi formativi nei settori: Turismo, Cultura, Ambiente, Agricoltura, ICT, Marketing, Project Management;<\/p>\n<p>ORIENTAMENTO PROFESSIONALE- in qualit\u00e0 di Centro Eurodesk, Essenia offre gratuitamente un servizio di orientamento e informazione ai giovani;<\/p>\n<p>CONSULENZA \u2013 Essenia supporta enti pubblici e privati nella progettazione e gestione di progetti finanziati dall&#8217;UE.<\/p>\n<hr \/>\n<h3><img loading=\"lazy\" decoding=\"async\" class=\"wp-image-87 size-full aligncenter\" src=\"https:\/\/met-vet.erasmus.site\/wp-content\/uploads\/2022\/10\/oloklirosi.png\" alt=\"\" width=\"300\" height=\"300\" srcset=\"https:\/\/met-vet.erasmus.site\/wp-content\/uploads\/2022\/10\/oloklirosi.png 300w, https:\/\/met-vet.erasmus.site\/wp-content\/uploads\/2022\/10\/oloklirosi-150x150.png 150w\" sizes=\"(max-width: 300px) 100vw, 300px\" \/><\/h3>\n<h3 style=\"text-align: center;\">Lifelong Learning Centre \u00abOloklirosi\u00bb (Grecia)<\/h3>\n<p>Il Centro di Apprendimento Permanente \u201cOloklirosi\u201d \u00e8 certificato dall&#8217;Ente Nazionale per la Certificazione delle Qualifiche e dell&#8217;Orientamento Professionale (EOPPEP) e dal Segretariato Generale per l&#8217;Apprendimento Permanente del Ministero dell&#8217;Istruzione (GGDBM) greco.<\/p>\n<p>Dal 2018 l&#8217;organizzazione ha ampliato le sue attivit\u00e0 come centro internazionale permanente attraverso la fondazione del centro educativo Erasmuslearn (<a href=\"https:\/\/erasmuslearn.eu\/\">https:\/\/erasmuslearn.eu\/<\/a> ).<\/p>\n<p>Inoltre eroga:<\/p>\n<p>&#8211; servizi di istruzione e formazione professionale per disoccupati, gruppi sociali vulnerabili e dipendenti di aziende su tematiche attuali che soddisfino i reali bisogni del mercato del lavoro al fine di facilitare l\u2019inserimento dei disoccupati e delle persone provenienti da gruppi sociali vulnerabili nel mercato del lavoro e migliorare le competenze dei dipendenti<\/p>\n<p>&#8211; servizi di consulenza e orientamento professionale, realizzazione di studi sul mercato del lavoro<\/p>\n<p>&#8211; consulenza sull\u2019imprenditoriale servizi specializzati di consulenza all&#8217;imprenditorialit\u00e0 nell&#8217;economia sociale.<\/p>\n<hr \/>\n<h3><img loading=\"lazy\" decoding=\"async\" class=\"wp-image-88 size-full aligncenter\" src=\"https:\/\/met-vet.erasmus.site\/wp-content\/uploads\/2022\/10\/synesthesis.png\" alt=\"\" width=\"300\" height=\"300\" srcset=\"https:\/\/met-vet.erasmus.site\/wp-content\/uploads\/2022\/10\/synesthesis.png 300w, https:\/\/met-vet.erasmus.site\/wp-content\/uploads\/2022\/10\/synesthesis-150x150.png 150w\" sizes=\"(max-width: 300px) 100vw, 300px\" \/><\/h3>\n<h3 style=\"text-align: center;\">Synthesis Center for Research and Education Limited (Cipro)<\/h3>\n<p>SYNTHESIS, Centro per la Ricerca e l\u2019Istruzione \u00e8 un&#8217;organizzazione pionieristica che avvia e implementa progetti di cambiamento sociale positivo nei settori dell&#8217;imprenditorialit\u00e0, dell&#8217;impegno civico, dell&#8217;alfabetizzazione digitale e dell&#8217;integrazione dei migranti. SYNTHESIS \u00e8 probabilmente l&#8217;istituzione leader nel campo dell&#8217;imprenditoria sociale nell&#8217;isola di Cipro.<\/p>\n<p>Una delle sue storie di successo \u00e8 la creazione dell\u2019 &#8220;Hub Nicosia&#8221;, un centro di co-working per organizzazioni che perseguono obiettivi culturali, ambientali e sociali.<\/p>\n<p>SYNTHESIS eroga istruzione non formale a gruppi diversi e vulnerabili con l&#8217;obiettivo di aiutarli ad acquisire le competenze di cui hanno bisogno per condurre una vita appagante e produttiva.<\/p>\n<p>SYNTHESIS, in qualit\u00e0 di ente di formazione professionale offre anche programmi di formazione su imprenditoria e su competenze trasversali, in particolare a persone a rischio di esclusione sociale, tra cui bambini, donne, migranti e rifugiati, persone con disabilit\u00e0 emotive e di difficolt\u00e0 di apprendimento, giovani e disoccupati di lungo periodo.<\/p>\n<hr \/>\n<h3><img loading=\"lazy\" decoding=\"async\" class=\"wp-image-89 size-full aligncenter\" src=\"https:\/\/met-vet.erasmus.site\/wp-content\/uploads\/2022\/10\/cuiblue.png\" alt=\"\" width=\"300\" height=\"300\" srcset=\"https:\/\/met-vet.erasmus.site\/wp-content\/uploads\/2022\/10\/cuiblue.png 300w, https:\/\/met-vet.erasmus.site\/wp-content\/uploads\/2022\/10\/cuiblue-150x150.png 150w\" sizes=\"(max-width: 300px) 100vw, 300px\" \/><\/h3>\n<h3 style=\"text-align: center;\">Cuiablue O\u00dc (Estonia)<\/h3>\n<p>Cuiablue O\u00dc \u00e8 un&#8217;impresa sociale che guida un cambiamento sociale e ambientale positivo attraverso soluzioni educative creative per l\u2018 apprendimento informale personalizzato e la formazione professionale.<\/p>\n<p>Le attivit\u00e0 principali di Cuiablue O\u00dc sono la progettazione, lo sviluppo, la gestione, l&#8217;implementazione e la diffusione e la valorizzazione di innovazione sociale e progetti e programmi di ricerca, per supportare obiettivi strategici europei pi\u00f9 ampi.<\/p>\n<p>Cuiablue O\u00dc \u00e8 specializzato nella progettazione di strumenti innovativi per supportare l\u2019apprendimento, lavorando insieme a gruppi di persone per promuovere le loro idee ambientali, sociali o culturali condivise, sviluppando al contempo le loro abilit\u00e0 e conoscenze.<\/p>\n<p>L&#8217;obiettivo \u00e8 utilizzare le competenze e le reti europee per generare un impatto sociale e digitale positivo a lungo termine nei settori dell&#8217;istruzione degli adulti, dell&#8217;istruzione scolastica, dell&#8217;istruzione professionale e della formazione in generale, promuovendo al contempo l&#8217;empowerment e la partecipazione attiva tra i giovani e le comunit\u00e0 emarginate, come come anziani, rifugiati e migranti.<\/p>","protected":false},"excerpt":{"rendered":"<p>CENTRUM WSPIERANIA EDUKACJI I PRZEDSIEBIORCZOSCI (Polonia) Il Centro per il Supporto all\u2019Educazione e all\u2019Imprenditoria (CWEP) \u00e8 un&#8217;organizzazione non governativa fondata nel 2004 da un gruppo di imprenditori, insegnanti e attivisti sociali di Rzesz\u00f3w. La missione di CWEP \u00e8 aumentare la qualit\u00e0 della formazione a tutti i livelli e in tutte le sue forme, nonch\u00e9 promuovere&hellip;&nbsp;<a href=\"https:\/\/met-vet.erasmus.site\/it\/our-team\/\" rel=\"bookmark\">Leggi tutto &raquo;<span class=\"screen-reader-text\">Il team<\/span><\/a><\/p>\n","protected":false},"author":1,"featured_media":0,"parent":0,"menu_order":0,"comment_status":"closed","ping_status":"closed","template":"","meta":{"neve_meta_sidebar":"","neve_meta_container":"","neve_meta_enable_content_width":"off","neve_meta_content_width":100,"neve_meta_title_alignment":"","neve_meta_author_avatar":"","neve_post_elements_order":"","neve_meta_disable_header":"","neve_meta_disable_footer":"","neve_meta_disable_title":"","footnotes":""},"class_list":["post-56","page","type-page","status-publish","hentry"],"_links":{"self":[{"href":"https:\/\/met-vet.erasmus.site\/it\/wp-json\/wp\/v2\/pages\/56","targetHints":{"allow":["GET"]}}],"collection":[{"href":"https:\/\/met-vet.erasmus.site\/it\/wp-json\/wp\/v2\/pages"}],"about":[{"href":"https:\/\/met-vet.erasmus.site\/it\/wp-json\/wp\/v2\/types\/page"}],"author":[{"embeddable":true,"href":"https:\/\/met-vet.erasmus.site\/it\/wp-json\/wp\/v2\/users\/1"}],"replies":[{"embeddable":true,"href":"https:\/\/met-vet.erasmus.site\/it\/wp-json\/wp\/v2\/comments?post=56"}],"version-history":[{"count":10,"href":"https:\/\/met-vet.erasmus.site\/it\/wp-json\/wp\/v2\/pages\/56\/revisions"}],"predecessor-version":[{"id":485,"href":"https:\/\/met-vet.erasmus.site\/it\/wp-json\/wp\/v2\/pages\/56\/revisions\/485"}],"wp:attachment":[{"href":"https:\/\/met-vet.erasmus.site\/it\/wp-json\/wp\/v2\/media?parent=56"}],"curies":[{"name":"wp","href":"https:\/\/api.w.org\/{rel}","templated":true}]}}