{"id":56,"date":"2022-10-12T18:55:51","date_gmt":"2022-10-12T18:55:51","guid":{"rendered":"https:\/\/met-vet.erasmus.site\/?page_id=56"},"modified":"2024-06-28T10:13:14","modified_gmt":"2024-06-28T10:13:14","slug":"our-team","status":"publish","type":"page","link":"https:\/\/met-vet.erasmus.site\/et\/our-team\/","title":{"rendered":"Meie meeskond"},"content":{"rendered":"<p><\/p>\n<h3><img fetchpriority=\"high\" decoding=\"async\" class=\"size-full wp-image-57 aligncenter\" src=\"https:\/\/met-vet.erasmus.site\/wp-content\/uploads\/2022\/10\/cwep.png\" alt=\"\" width=\"300\" height=\"300\" srcset=\"https:\/\/met-vet.erasmus.site\/wp-content\/uploads\/2022\/10\/cwep.png 300w, https:\/\/met-vet.erasmus.site\/wp-content\/uploads\/2022\/10\/cwep-150x150.png 150w\" sizes=\"(max-width: 300px) 100vw, 300px\" \/><\/h3>\n<h3 style=\"text-align: center;\">CENTRUM WSPIERANIA EDUKACJI I PRZEDSIEBIORCZOSCI (Poola)<\/h3>\n<p>Hariduse ja ettev\u00f5tluse toetamise keskus (CWEP) on valitsusv\u00e4line organisatsioon, mille asutas 2004. aastal r\u00fchm Rzesz\u00f3wi ettev\u00f5tjaid, \u00f5petajaid ja sotsiaalseid aktiviste. CWEPi missiooniks on t\u00f5sta hariduskoolituse kvaliteeti k\u00f5ikidel tasanditel ja k\u00f5igis selle vormides ning edendada ettev\u00f5tlust, et soodustada mis tahes sotsiaalsete r\u00fchmade integreerimist, olenemata soost, vanusest ja etnilisest p\u00e4ritolust. CWEPi eesm\u00e4rk on edendada ja rakendada parimaid lahendusi, mis teenivad seda eesm\u00e4rki. Eelk\u00f5ige on eesm\u00e4rk parandada k\u00f5igi inimeste hariduse k\u00e4ttesaadavust, kvaliteeti ja t\u00f5husust, edendada ja toetada t\u00e4iskasvanuharidust, elukestvat \u00f5pet, e-\u00f5pet ja kaasaegsete tehnoloogiate kasutamist hariduses ja ettev\u00f5tluses. Assotsiatsioon teeb koost\u00f6\u00f6d paljude Euroopa partneritega, et tugevdada ettev\u00f5tete majanduslikku positsiooni, ning pakub ettev\u00f5tetele veebiplatvormi.<\/p>\n<hr \/>\n<h3><img decoding=\"async\" class=\"aligncenter wp-image-85 size-full\" src=\"https:\/\/met-vet.erasmus.site\/wp-content\/uploads\/2022\/10\/inercia.png\" alt=\"\" width=\"300\" height=\"300\" srcset=\"https:\/\/met-vet.erasmus.site\/wp-content\/uploads\/2022\/10\/inercia.png 300w, https:\/\/met-vet.erasmus.site\/wp-content\/uploads\/2022\/10\/inercia-150x150.png 150w\" sizes=\"(max-width: 300px) 100vw, 300px\" \/><\/h3>\n<h3 style=\"text-align: center;\">Inercia Digital SL (Hispaania)<\/h3>\n<ol start=\"2010\">\n<li>aastal asutatud Inercia Digital on uuenduslik Andaluusia organisatsioon, mis on spetsialiseerunud rahvusvahelisel tasandil digitaalsete oskuste koolitamisele ja innovatsioonile.<\/li>\n<\/ol>\n<p>Me oleme meie piirkondliku valitsuse poolt ametlikult akrediteeritud kutsehariduskeskus ning meie peamine valdkond on digitaalsete ja ettev\u00f5tlusalaste oskuste edendamine, mida me teeme k\u00e4ttesaadavaks oma virtuaalse \u00fclikooli kaudu, mille Andaluusia piirkondlik valitsus on heaks kiitnud kui virtuaalse t\u00f6\u00f6h\u00f5ivekeskuse.<\/p>\n<hr \/>\n<h3><img decoding=\"async\" class=\"wp-image-86 size-full aligncenter\" src=\"https:\/\/met-vet.erasmus.site\/wp-content\/uploads\/2022\/10\/vhs.png\" alt=\"\" width=\"300\" height=\"300\" srcset=\"https:\/\/met-vet.erasmus.site\/wp-content\/uploads\/2022\/10\/vhs.png 300w, https:\/\/met-vet.erasmus.site\/wp-content\/uploads\/2022\/10\/vhs-150x150.png 150w\" sizes=\"(max-width: 300px) 100vw, 300px\" \/><\/h3>\n<h3 style=\"text-align: center;\">Volkshochschule im Landkreis Cham e.V. (Saksamaa)<\/h3>\n<p>Volkshochschule im Landkreis Cham e.V. (Chami piirkonna t\u00e4iskasvanute koolituskeskus) on mitteriiklik mittetulundusasutus, mis pakub haridusteenuseid Chami piirkonna t\u00e4iskasvanud elanikkonnale.<\/p>\n<p>Organisatsiooni missioon on tagada \u00f5igus haridusele, juurdep\u00e4\u00e4s elukestva \u00f5ppe teenustele ja v\u00f5rdsed v\u00f5imalused, andes kodanikele teadmisi ja oskusi, mis on vajalikud \u00fchiskonna aktiivseks liikmeks olemiseks. Selleks pakub asutus mitmesuguseid teenuseid nii kutsealaste (nt IT, raamatupidamine, turundus) kui ka mittekutseliste ainete (tervislik ja &#8220;roheline&#8221; eluviis, sport, kultuur) kohta.<\/p>\n<hr \/>\n<h3><img loading=\"lazy\" decoding=\"async\" class=\"wp-image-84 size-full aligncenter\" src=\"https:\/\/met-vet.erasmus.site\/wp-content\/uploads\/2022\/10\/esse.png\" alt=\"\" width=\"300\" height=\"300\" srcset=\"https:\/\/met-vet.erasmus.site\/wp-content\/uploads\/2022\/10\/esse.png 300w, https:\/\/met-vet.erasmus.site\/wp-content\/uploads\/2022\/10\/esse-150x150.png 150w\" sizes=\"(max-width: 300px) 100vw, 300px\" \/><\/h3>\n<h3 style=\"text-align: center;\">Essenia UETP (Itaalia)<\/h3>\n<p>ESSENIA UETP-University and Enterprise Training Partnership on 2005. aastal asutatud Itaalia kutsehariduse ja -koolituse organisatsioon, mis asub Salernos. See on spetsialiseerunud riikidevahelisele liikuvusprojektile ja on saanud ka Erasmus+ programmi raames &#8220;Excellence Label&#8221;. Essenia t\u00f6\u00f6tab v\u00e4lja ja viib ellu Campania piirkonna ja Itaalia haridusministeeriumi poolt tunnustatud koolitusprogramme ja kursusi; alates 2019. aastast on ta ka Eurodeski keskus.<\/p>\n<p>Essenia p\u00f5hitegevused on j\u00e4rgmised:<\/p>\n<p>RAHVUSVAHELINE MOBILITEET ja ELi projektid &#8211; Essenia on koordineerija ja partnerina viinud l\u00e4bi mitmeid Erasmus+ KA2 projekte;<\/p>\n<p>Koolitus &#8211; koolituskursuste kavandamine ja l\u00e4biviimine valdkondades: Turism, kultuur, keskkond, p\u00f5llumajandus, IKT, turundus, projektijuhtimine;<\/p>\n<p>Karj\u00e4\u00e4rin\u00f5ustamine &#8211; Eurodeski keskusena pakub Essenia noortele tasuta karj\u00e4\u00e4rin\u00f5ustamist ja infoteenust;<\/p>\n<p>KONSULTATSIOON &#8211; Essenia toetab avaliku ja erasektori asutusi ELi rahastatud projektide kavandamisel ja haldamisel.<\/p>\n<hr \/>\n<h3><img loading=\"lazy\" decoding=\"async\" class=\"wp-image-87 size-full aligncenter\" src=\"https:\/\/met-vet.erasmus.site\/wp-content\/uploads\/2022\/10\/oloklirosi.png\" alt=\"\" width=\"300\" height=\"300\" srcset=\"https:\/\/met-vet.erasmus.site\/wp-content\/uploads\/2022\/10\/oloklirosi.png 300w, https:\/\/met-vet.erasmus.site\/wp-content\/uploads\/2022\/10\/oloklirosi-150x150.png 150w\" sizes=\"(max-width: 300px) 100vw, 300px\" \/><\/h3>\n<h3 style=\"text-align: center;\">Lifelong Learning Centre \u00abOloklirosi\u00bb (Kreeka)<\/h3>\n<p>Elukestva \u00f5ppe keskus &#8220;Oloklirosi&#8221; on sertifitseeritud riikliku kvalifikatsioonide ja kutsealase n\u00f5ustamise organisatsiooni (EOPPEP) ja haridusministeeriumi elukestva \u00f5ppe peasekret\u00e4ri (GGDBM) poolt. Alates 2018. aastast laiendas organisatsioon oma tegevust rahvusvahelise elukestva \u00f5ppe keskuse Erasmuslearn hariduskeskuse <a href=\"https:\/\/erasmuslearn.eu\/\">(https:\/\/erasmuslearn.eu\/<\/a>) asutamise kaudu. Lisaks pakub:<\/p>\n<p>&#8211; haridus- ja kutse\u00f5ppeteenused t\u00f6\u00f6tutele, haavatavatele sotsiaalsetele r\u00fchmadele ja t\u00f6\u00f6tajatele kaasaegsetel teemadel, mis vastavad t\u00f6\u00f6turu tegelikele vajadustele, et edendada t\u00f6\u00f6tute ja haavatavate sotsiaalsete r\u00fchmade inimeste t\u00f6\u00f6turule sisenemist ja t\u00f5sta t\u00f6\u00f6tajate oskusi,<\/p>\n<p>&#8211; n\u00f5ustamis- ja kutsen\u00f5ustamisteenused, t\u00f6\u00f6turuteenuste l\u00e4biviimine,<\/p>\n<p>&#8211; ettev\u00f5tlusn\u00f5ustamine ja spetsialiseeritud ettev\u00f5tlusn\u00f5ustamise teenused sotsiaalmajanduses.<\/p>\n<hr \/>\n<h3><img loading=\"lazy\" decoding=\"async\" class=\"wp-image-88 size-full aligncenter\" src=\"https:\/\/met-vet.erasmus.site\/wp-content\/uploads\/2022\/10\/synesthesis.png\" alt=\"\" width=\"300\" height=\"300\" srcset=\"https:\/\/met-vet.erasmus.site\/wp-content\/uploads\/2022\/10\/synesthesis.png 300w, https:\/\/met-vet.erasmus.site\/wp-content\/uploads\/2022\/10\/synesthesis-150x150.png 150w\" sizes=\"(max-width: 300px) 100vw, 300px\" \/><\/h3>\n<h3 style=\"text-align: center;\">Synthesis Center for Research and Education Limited (K\u00fcpros)<\/h3>\n<p>SYNTHESISe teadus- ja hariduskeskus on teedrajav organisatsioon, mis algatab ja viib ellu positiivsete sotsiaalsete muutuste projekte ettev\u00f5tluse, kodanikuaktiivsuse, digitaalse kirjaoskuse ja sisser\u00e4ndajate integratsiooni valdkonnas. SYNTHESIS on ehk juhtiv asutus sotsiaalse ettev\u00f5tluse valdkonnas saarel. \u00dcks tema edulugusid on &#8220;Hub Nicosia&#8221;, kultuuri-, keskkonna- ja sotsiaalsete eesm\u00e4rkidega organisatsioonide koost\u00f6\u00f6keskuse loomine. SYNTHESIS pakub mitteformaalset haridust erinevatele ja haavatavatele r\u00fchmadele eesm\u00e4rgiga aidata neil omandada oskusi, mida nad vajavad t\u00e4isv\u00e4\u00e4rtusliku ja produktiivse elu elamiseks. Kutsehariduse ja -koolituse pakkujana pakub SYNTHESIS ka ettev\u00f5tlusalaseid ja pehmete oskuste koolitusprogramme, eelk\u00f5ige inimestele, keda \u00e4hvardab sotsiaalne t\u00f5rjutus, sealhulgas lastele, naistele, sisser\u00e4ndajatele ja pagulastele, \u00f5ppimis- ja ps\u00fc\u00fchikah\u00e4iretega inimestele, noortele ja pikaajalistele t\u00f6\u00f6tutele.<\/p>\n<hr \/>\n<h3><img loading=\"lazy\" decoding=\"async\" class=\"wp-image-89 size-full aligncenter\" src=\"https:\/\/met-vet.erasmus.site\/wp-content\/uploads\/2022\/10\/cuiblue.png\" alt=\"\" width=\"300\" height=\"300\" srcset=\"https:\/\/met-vet.erasmus.site\/wp-content\/uploads\/2022\/10\/cuiblue.png 300w, https:\/\/met-vet.erasmus.site\/wp-content\/uploads\/2022\/10\/cuiblue-150x150.png 150w\" sizes=\"(max-width: 300px) 100vw, 300px\" \/><\/h3>\n<h3 style=\"text-align: center;\">Cuiablue O\u00dc (Eesti)<\/h3>\n<p>Cuiablue O\u00dc on sotsiaalne ettev\u00f5te, mis edendab positiivseid sotsiaalseid ja keskkonnaalaseid muutusi loovate hariduslahenduste kaudu, mis on suunatud individuaalsele mitteformaalsele \u00f5ppele ja kutse\u00f5ppele. Cuiablue O\u00dc p\u00f5hitegevuseks on sotsiaalse innovatsiooni ja teadusprojektide ja -programmide kavandamine, arendamine, juhtimine, rakendamine ning laialdane levitamine ja kasutamine, et toetada laiemaid Euroopa strateegilisi eesm\u00e4rke. Cuiablue O\u00dc on spetsialiseerunud innovaatiliste vahendite kavandamisele, et toetada \u00f5ppimisliikumisi, tehes koost\u00f6\u00f6d inimr\u00fchmadega, et edendada nende \u00fchiseid keskkonnaalaseid, sotsiaalseid v\u00f5i kultuurilisi ideid, arendades samal ajal nende oskusi ja teadmisi. Eesm\u00e4rk on kasutada ekspertiisi ja Euroopa v\u00f5rgustikke, et luua pikaajaline positiivne sotsiaalne ja digitaalne m\u00f5ju t\u00e4iskasvanuhariduse, koolihariduse, kutsehariduse ja koolituse valdkonnas, edendades samal ajal ka noorte ja marginaliseerunud kogukondade, n\u00e4iteks eakate, pagulaste ja sisser\u00e4ndajate m\u00f5juv\u00f5imu suurendamist ja aktiivset osalemist.<\/p>","protected":false},"excerpt":{"rendered":"<p>CENTRUM WSPIERANIA EDUKACJI I PRZEDSIEBIORCZOSCI (Poola) Hariduse ja ettev\u00f5tluse toetamise keskus (CWEP) on valitsusv\u00e4line organisatsioon, mille asutas 2004. aastal r\u00fchm Rzesz\u00f3wi ettev\u00f5tjaid, \u00f5petajaid ja sotsiaalseid aktiviste. CWEPi missiooniks on t\u00f5sta hariduskoolituse kvaliteeti k\u00f5ikidel tasanditel ja k\u00f5igis selle vormides ning edendada ettev\u00f5tlust, et soodustada mis tahes sotsiaalsete r\u00fchmade integreerimist, olenemata soost, vanusest ja etnilisest p\u00e4ritolust. CWEPi&hellip;&nbsp;<a href=\"https:\/\/met-vet.erasmus.site\/et\/our-team\/\" rel=\"bookmark\">Read More &raquo;<span class=\"screen-reader-text\">Meie meeskond<\/span><\/a><\/p>\n","protected":false},"author":1,"featured_media":0,"parent":0,"menu_order":0,"comment_status":"closed","ping_status":"closed","template":"","meta":{"neve_meta_sidebar":"","neve_meta_container":"","neve_meta_enable_content_width":"off","neve_meta_content_width":100,"neve_meta_title_alignment":"","neve_meta_author_avatar":"","neve_post_elements_order":"","neve_meta_disable_header":"","neve_meta_disable_footer":"","neve_meta_disable_title":"","footnotes":""},"class_list":["post-56","page","type-page","status-publish","hentry"],"_links":{"self":[{"href":"https:\/\/met-vet.erasmus.site\/et\/wp-json\/wp\/v2\/pages\/56","targetHints":{"allow":["GET"]}}],"collection":[{"href":"https:\/\/met-vet.erasmus.site\/et\/wp-json\/wp\/v2\/pages"}],"about":[{"href":"https:\/\/met-vet.erasmus.site\/et\/wp-json\/wp\/v2\/types\/page"}],"author":[{"embeddable":true,"href":"https:\/\/met-vet.erasmus.site\/et\/wp-json\/wp\/v2\/users\/1"}],"replies":[{"embeddable":true,"href":"https:\/\/met-vet.erasmus.site\/et\/wp-json\/wp\/v2\/comments?post=56"}],"version-history":[{"count":10,"href":"https:\/\/met-vet.erasmus.site\/et\/wp-json\/wp\/v2\/pages\/56\/revisions"}],"predecessor-version":[{"id":485,"href":"https:\/\/met-vet.erasmus.site\/et\/wp-json\/wp\/v2\/pages\/56\/revisions\/485"}],"wp:attachment":[{"href":"https:\/\/met-vet.erasmus.site\/et\/wp-json\/wp\/v2\/media?parent=56"}],"curies":[{"name":"wp","href":"https:\/\/api.w.org\/{rel}","templated":true}]}}