{"id":10,"date":"2022-10-12T18:07:40","date_gmt":"2022-10-12T18:07:40","guid":{"rendered":"https:\/\/met-vet.erasmus.site\/?page_id=10"},"modified":"2024-06-28T10:24:34","modified_gmt":"2024-06-28T10:24:34","slug":"home","status":"publish","type":"page","link":"https:\/\/met-vet.erasmus.site\/et\/","title":{"rendered":"Avaleht"},"content":{"rendered":"\t\t<div data-elementor-type=\"wp-page\" data-elementor-id=\"10\" class=\"elementor elementor-10\">\n\t\t\t\t\t\t<section class=\"elementor-section elementor-top-section elementor-element elementor-element-17d53d0 elementor-section-boxed elementor-section-height-default elementor-section-height-default\" data-id=\"17d53d0\" data-element_type=\"section\" data-e-type=\"section\" data-settings=\"{&quot;background_background&quot;:&quot;classic&quot;}\">\n\t\t\t\t\t\t\t<div class=\"elementor-background-overlay\"><\/div>\n\t\t\t\t\t\t\t<div class=\"elementor-container elementor-column-gap-default\">\n\t\t\t\t\t<div class=\"elementor-column elementor-col-50 elementor-top-column elementor-element elementor-element-6a308c1\" data-id=\"6a308c1\" data-element_type=\"column\" data-e-type=\"column\">\n\t\t\t<div class=\"elementor-widget-wrap elementor-element-populated\">\n\t\t\t\t\t\t<div class=\"elementor-element elementor-element-41f9773 elementor-widget elementor-widget-image\" data-id=\"41f9773\" data-element_type=\"widget\" data-e-type=\"widget\" data-widget_type=\"image.default\">\n\t\t\t\t<div class=\"elementor-widget-container\">\n\t\t\t\t\t\t\t\t\t\t\t\t\t\t\t<img fetchpriority=\"high\" decoding=\"async\" width=\"500\" height=\"500\" src=\"https:\/\/met-vet.erasmus.site\/wp-content\/uploads\/2022\/10\/MET-VET-logo_white.png\" class=\"attachment-large size-large wp-image-168\" alt=\"\" srcset=\"https:\/\/met-vet.erasmus.site\/wp-content\/uploads\/2022\/10\/MET-VET-logo_white.png 500w, https:\/\/met-vet.erasmus.site\/wp-content\/uploads\/2022\/10\/MET-VET-logo_white-300x300.png 300w, https:\/\/met-vet.erasmus.site\/wp-content\/uploads\/2022\/10\/MET-VET-logo_white-150x150.png 150w\" sizes=\"(max-width: 500px) 100vw, 500px\" \/>\t\t\t\t\t\t\t\t\t\t\t\t\t\t\t<\/div>\n\t\t\t\t<\/div>\n\t\t\t\t<div class=\"elementor-element elementor-element-0bd7c6c elementor-widget elementor-widget-text-editor\" data-id=\"0bd7c6c\" data-element_type=\"widget\" data-e-type=\"widget\" data-widget_type=\"text-editor.default\">\n\t\t\t\t<div class=\"elementor-widget-container\">\n\t\t\t\t\t\t\t\t\t<p><strong>Projekti periood: <\/strong>01.05.2022 \u2013 30.04.2024<br \/><strong>Projekti number: <\/strong>2021-2-PL01-KA220-VET-000050783<\/p>\t\t\t\t\t\t\t\t<\/div>\n\t\t\t\t<\/div>\n\t\t\t\t\t<\/div>\n\t\t<\/div>\n\t\t\t\t<div class=\"elementor-column elementor-col-50 elementor-top-column elementor-element elementor-element-791ea87\" data-id=\"791ea87\" data-element_type=\"column\" data-e-type=\"column\">\n\t\t\t<div class=\"elementor-widget-wrap elementor-element-populated\">\n\t\t\t\t\t\t<div class=\"elementor-element elementor-element-100cdbc elementor-widget elementor-widget-text-editor\" data-id=\"100cdbc\" data-element_type=\"widget\" data-e-type=\"widget\" data-widget_type=\"text-editor.default\">\n\t\t\t\t<div class=\"elementor-widget-container\">\n\t\t\t\t\t\t\t\t\t<p><\/p><p><\/p><p><\/p><p>Tere tulemast MET-VETi!<\/p><p>MET-VET t\u00e4hendab &#8220;Metakognition for Environmental Thinking in VET&#8221; &#8211; see on Erasmus+ projekt, mille eesm\u00e4rk on muuta kutseharidus- ja -koolituskeskused &#8220;rohelisemaks muutmise&#8221; toetajateks, kuna Euroopa riigid on alustanud digitaalset ja keskkonnaalast \u00fcleminekut.\u00a0<\/p><p>MET-VETi eesm\u00e4rk on aidata kaasa koolitajate professionaalsele arengule keskkonnakaitse valdkonnas, et nad saaksid aidata kutsehariduse ja -koolituse \u00f5pilastel arendada metakognitsiooni kaudu m\u00f5tlemisv\u00f5imelist ja tulevikku suunatud rohelist m\u00f5tteviisi.<\/p><p>Kui soovid projekti ja metakognitsiooni kohta rohkem teada saada, mine rubriiki &#8220;<a href=\"https:\/\/met-vet.erasmus.site\/about-the-project\/\">Projektist<\/a>&#8220;.<\/p><p><\/p>\t\t\t\t\t\t\t\t<\/div>\n\t\t\t\t<\/div>\n\t\t\t\t\t<\/div>\n\t\t<\/div>\n\t\t\t\t\t<\/div>\n\t\t<\/section>\n\t\t\t\t<section class=\"elementor-section elementor-top-section elementor-element elementor-element-f77d057 elementor-section-height-min-height elementor-section-boxed elementor-section-height-default elementor-section-items-middle\" data-id=\"f77d057\" data-element_type=\"section\" data-e-type=\"section\">\n\t\t\t\t\t\t<div class=\"elementor-container elementor-column-gap-default\">\n\t\t\t\t\t<div class=\"elementor-column elementor-col-50 elementor-top-column elementor-element elementor-element-fbb303d\" data-id=\"fbb303d\" data-element_type=\"column\" data-e-type=\"column\">\n\t\t\t<div class=\"elementor-widget-wrap elementor-element-populated\">\n\t\t\t\t\t\t<div class=\"elementor-element elementor-element-219393e elementor-widget elementor-widget-heading\" data-id=\"219393e\" data-element_type=\"widget\" data-e-type=\"widget\" data-widget_type=\"heading.default\">\n\t\t\t\t<div class=\"elementor-widget-container\">\n\t\t\t\t\t<h2 class=\"elementor-heading-title elementor-size-default\">Projekti kohta<\/h2>\t\t\t\t<\/div>\n\t\t\t\t<\/div>\n\t\t\t\t<div class=\"elementor-element elementor-element-f31887e elementor-widget elementor-widget-text-editor\" data-id=\"f31887e\" data-element_type=\"widget\" data-e-type=\"widget\" data-widget_type=\"text-editor.default\">\n\t\t\t\t<div class=\"elementor-widget-container\">\n\t\t\t\t\t\t\t\t\t<p>Euroopa Liidu liikmed on v\u00f5tnud vastu mitmeid poliitikadokumente, et v\u00e4hendada oma m\u00f5ju keskkonnale. Selles m\u00f5ttes v\u00f5ivad haridusasutused (sealhulgas kutsehariduskeskused) saada &#8220;keskkonnahoidlikumaks muutmise protsessi&#8221; eestvedajateks, andes \u00f5petajatele vajalikud keskkonnakaitsealased p\u00e4devused ja aidates \u00f5pilastel arendada m\u00f5tlemisv\u00f5imelist ja tulevikku suunatud keskkonnahoidlikku m\u00f5tteviisi. Selleks v\u00f5iksid viimased kasutada metakognitiivseid* \u00f5pistrateegiaid, mis aitavad neil viia oma kogemused kutsehariduses ja -koolituses vastavusse laiemate keskkonnak\u00fcsimustega.<\/p>\t\t\t\t\t\t\t\t<\/div>\n\t\t\t\t<\/div>\n\t\t\t\t<div class=\"elementor-element elementor-element-7e3f7fb elementor-align-center elementor-widget elementor-widget-button\" data-id=\"7e3f7fb\" data-element_type=\"widget\" data-e-type=\"widget\" data-widget_type=\"button.default\">\n\t\t\t\t<div class=\"elementor-widget-container\">\n\t\t\t\t\t\t\t\t\t<div class=\"elementor-button-wrapper\">\n\t\t\t\t\t<a class=\"elementor-button elementor-button-link elementor-size-sm\" href=\"https:\/\/met-vet.erasmus.site\/about-the-project\/\">\n\t\t\t\t\t\t<span class=\"elementor-button-content-wrapper\">\n\t\t\t\t\t\t\t\t\t<span class=\"elementor-button-text\">Read more<\/span>\n\t\t\t\t\t<\/span>\n\t\t\t\t\t<\/a>\n\t\t\t\t<\/div>\n\t\t\t\t\t\t\t\t<\/div>\n\t\t\t\t<\/div>\n\t\t\t\t\t<\/div>\n\t\t<\/div>\n\t\t\t\t<div class=\"elementor-column elementor-col-50 elementor-top-column elementor-element elementor-element-320e2fb\" data-id=\"320e2fb\" data-element_type=\"column\" data-e-type=\"column\">\n\t\t\t<div class=\"elementor-widget-wrap elementor-element-populated\">\n\t\t\t\t\t\t<div class=\"elementor-element elementor-element-d4a04a7 elementor-widget elementor-widget-image\" data-id=\"d4a04a7\" data-element_type=\"widget\" data-e-type=\"widget\" data-widget_type=\"image.default\">\n\t\t\t\t<div class=\"elementor-widget-container\">\n\t\t\t\t\t\t\t\t\t\t\t\t\t\t\t<img decoding=\"async\" width=\"1000\" height=\"667\" src=\"https:\/\/met-vet.erasmus.site\/wp-content\/uploads\/2022\/10\/green-energy-saving-background-light-bulb-with-trees-remixed-media.jpg\" class=\"attachment-large size-large wp-image-31\" alt=\"\" srcset=\"https:\/\/met-vet.erasmus.site\/wp-content\/uploads\/2022\/10\/green-energy-saving-background-light-bulb-with-trees-remixed-media.jpg 1000w, https:\/\/met-vet.erasmus.site\/wp-content\/uploads\/2022\/10\/green-energy-saving-background-light-bulb-with-trees-remixed-media-300x200.jpg 300w, https:\/\/met-vet.erasmus.site\/wp-content\/uploads\/2022\/10\/green-energy-saving-background-light-bulb-with-trees-remixed-media-768x512.jpg 768w, https:\/\/met-vet.erasmus.site\/wp-content\/uploads\/2022\/10\/green-energy-saving-background-light-bulb-with-trees-remixed-media-930x620.jpg 930w\" sizes=\"(max-width: 1000px) 100vw, 1000px\" \/>\t\t\t\t\t\t\t\t\t\t\t\t\t\t\t<\/div>\n\t\t\t\t<\/div>\n\t\t\t\t\t<\/div>\n\t\t<\/div>\n\t\t\t\t\t<\/div>\n\t\t<\/section>\n\t\t\t\t<section class=\"elementor-section elementor-top-section elementor-element elementor-element-aacf320 elementor-section-boxed elementor-section-height-default elementor-section-height-default\" data-id=\"aacf320\" data-element_type=\"section\" data-e-type=\"section\">\n\t\t\t\t\t\t<div class=\"elementor-container elementor-column-gap-default\">\n\t\t\t\t\t<div class=\"elementor-column elementor-col-100 elementor-top-column elementor-element elementor-element-056a561\" data-id=\"056a561\" data-element_type=\"column\" data-e-type=\"column\">\n\t\t\t<div class=\"elementor-widget-wrap elementor-element-populated\">\n\t\t\t\t\t\t<div class=\"elementor-element elementor-element-0c4e6f3 elementor-widget elementor-widget-heading\" data-id=\"0c4e6f3\" data-element_type=\"widget\" data-e-type=\"widget\" data-widget_type=\"heading.default\">\n\t\t\t\t<div class=\"elementor-widget-container\">\n\t\t\t\t\t<h2 class=\"elementor-heading-title elementor-size-default\">Tulemused<\/h2>\t\t\t\t<\/div>\n\t\t\t\t<\/div>\n\t\t\t\t\t<\/div>\n\t\t<\/div>\n\t\t\t\t\t<\/div>\n\t\t<\/section>\n\t\t\t\t<section class=\"elementor-section elementor-top-section elementor-element elementor-element-b7c02ef elementor-section-boxed elementor-section-height-default elementor-section-height-default\" data-id=\"b7c02ef\" data-element_type=\"section\" data-e-type=\"section\">\n\t\t\t\t\t\t<div class=\"elementor-container elementor-column-gap-default\">\n\t\t\t\t\t<div class=\"elementor-column elementor-col-25 elementor-top-column elementor-element elementor-element-07b689a\" data-id=\"07b689a\" data-element_type=\"column\" data-e-type=\"column\">\n\t\t\t<div class=\"elementor-widget-wrap elementor-element-populated\">\n\t\t\t\t\t\t<div class=\"elementor-element elementor-element-0ca9bd0 elementor-view-default elementor-widget elementor-widget-icon\" data-id=\"0ca9bd0\" data-element_type=\"widget\" data-e-type=\"widget\" data-widget_type=\"icon.default\">\n\t\t\t\t<div class=\"elementor-widget-container\">\n\t\t\t\t\t\t\t<div class=\"elementor-icon-wrapper\">\n\t\t\t<div class=\"elementor-icon\">\n\t\t\t<i aria-hidden=\"true\" class=\"fas fa-book-open\"><\/i>\t\t\t<\/div>\n\t\t<\/div>\n\t\t\t\t\t\t<\/div>\n\t\t\t\t<\/div>\n\t\t\t\t<div class=\"elementor-element elementor-element-ad9216c elementor-widget elementor-widget-text-editor\" data-id=\"ad9216c\" data-element_type=\"widget\" data-e-type=\"widget\" data-widget_type=\"text-editor.default\">\n\t\t\t\t<div class=\"elementor-widget-container\">\n\t\t\t\t\t\t\t\t\t<p>Keskkonnaalase m\u00f5tlemise metakognitsiooni p\u00e4devuse raamistik<\/p>\t\t\t\t\t\t\t\t<\/div>\n\t\t\t\t<\/div>\n\t\t\t\t<div class=\"elementor-element elementor-element-785e97b elementor-align-center elementor-widget elementor-widget-button\" data-id=\"785e97b\" data-element_type=\"widget\" data-e-type=\"widget\" data-widget_type=\"button.default\">\n\t\t\t\t<div class=\"elementor-widget-container\">\n\t\t\t\t\t\t\t\t\t<div class=\"elementor-button-wrapper\">\n\t\t\t\t\t<a class=\"elementor-button elementor-button-link elementor-size-sm\" href=\"https:\/\/met-vet.erasmus.site\/results\/r1\/\">\n\t\t\t\t\t\t<span class=\"elementor-button-content-wrapper\">\n\t\t\t\t\t\t\t\t\t<span class=\"elementor-button-text\">Avatud<\/span>\n\t\t\t\t\t<\/span>\n\t\t\t\t\t<\/a>\n\t\t\t\t<\/div>\n\t\t\t\t\t\t\t\t<\/div>\n\t\t\t\t<\/div>\n\t\t\t\t\t<\/div>\n\t\t<\/div>\n\t\t\t\t<div class=\"elementor-column elementor-col-25 elementor-top-column elementor-element elementor-element-8c272f1\" data-id=\"8c272f1\" data-element_type=\"column\" data-e-type=\"column\">\n\t\t\t<div class=\"elementor-widget-wrap elementor-element-populated\">\n\t\t\t\t\t\t<div class=\"elementor-element elementor-element-9385aee elementor-view-default elementor-widget elementor-widget-icon\" data-id=\"9385aee\" data-element_type=\"widget\" data-e-type=\"widget\" data-widget_type=\"icon.default\">\n\t\t\t\t<div class=\"elementor-widget-container\">\n\t\t\t\t\t\t\t<div class=\"elementor-icon-wrapper\">\n\t\t\t<div class=\"elementor-icon\">\n\t\t\t<i aria-hidden=\"true\" class=\"far fa-play-circle\"><\/i>\t\t\t<\/div>\n\t\t<\/div>\n\t\t\t\t\t\t<\/div>\n\t\t\t\t<\/div>\n\t\t\t\t<div class=\"elementor-element elementor-element-13a111f elementor-widget elementor-widget-text-editor\" data-id=\"13a111f\" data-element_type=\"widget\" data-e-type=\"widget\" data-widget_type=\"text-editor.default\">\n\t\t\t\t<div class=\"elementor-widget-container\">\n\t\t\t\t\t\t\t\t\t<p>\u00d5ppija ja moderaator MOOC &#8220;Metakognitsioon keskkonnaalase l\u00e4henemise jaoks kutsehariduses ja -koolituses&#8221;<\/p>\t\t\t\t\t\t\t\t<\/div>\n\t\t\t\t<\/div>\n\t\t\t\t<div class=\"elementor-element elementor-element-dda7bd1 elementor-align-center elementor-widget elementor-widget-button\" data-id=\"dda7bd1\" data-element_type=\"widget\" data-e-type=\"widget\" data-widget_type=\"button.default\">\n\t\t\t\t<div class=\"elementor-widget-container\">\n\t\t\t\t\t\t\t\t\t<div class=\"elementor-button-wrapper\">\n\t\t\t\t\t<a class=\"elementor-button elementor-button-link elementor-size-sm\" href=\"https:\/\/met-vet.erasmus.site\/platform\/\" target=\"_blank\">\n\t\t\t\t\t\t<span class=\"elementor-button-content-wrapper\">\n\t\t\t\t\t\t\t\t\t<span class=\"elementor-button-text\">Avatud<\/span>\n\t\t\t\t\t<\/span>\n\t\t\t\t\t<\/a>\n\t\t\t\t<\/div>\n\t\t\t\t\t\t\t\t<\/div>\n\t\t\t\t<\/div>\n\t\t\t\t\t<\/div>\n\t\t<\/div>\n\t\t\t\t<div class=\"elementor-column elementor-col-25 elementor-top-column elementor-element elementor-element-e4959f6\" data-id=\"e4959f6\" data-element_type=\"column\" data-e-type=\"column\">\n\t\t\t<div class=\"elementor-widget-wrap elementor-element-populated\">\n\t\t\t\t\t\t<div class=\"elementor-element elementor-element-78f1ad0 elementor-view-default elementor-widget elementor-widget-icon\" data-id=\"78f1ad0\" data-element_type=\"widget\" data-e-type=\"widget\" data-widget_type=\"icon.default\">\n\t\t\t\t<div class=\"elementor-widget-container\">\n\t\t\t\t\t\t\t<div class=\"elementor-icon-wrapper\">\n\t\t\t<div class=\"elementor-icon\">\n\t\t\t<i aria-hidden=\"true\" class=\"fas fa-star\"><\/i>\t\t\t<\/div>\n\t\t<\/div>\n\t\t\t\t\t\t<\/div>\n\t\t\t\t<\/div>\n\t\t\t\t<div class=\"elementor-element elementor-element-e68287f elementor-widget elementor-widget-text-editor\" data-id=\"e68287f\" data-element_type=\"widget\" data-e-type=\"widget\" data-widget_type=\"text-editor.default\">\n\t\t\t\t<div class=\"elementor-widget-container\">\n\t\t\t\t\t\t\t\t\t<p>VET Reflective Digital Story Library ja loomise juhend<\/p>\t\t\t\t\t\t\t\t<\/div>\n\t\t\t\t<\/div>\n\t\t\t\t<div class=\"elementor-element elementor-element-4c83f56 elementor-align-center elementor-widget elementor-widget-button\" data-id=\"4c83f56\" data-element_type=\"widget\" data-e-type=\"widget\" data-widget_type=\"button.default\">\n\t\t\t\t<div class=\"elementor-widget-container\">\n\t\t\t\t\t\t\t\t\t<div class=\"elementor-button-wrapper\">\n\t\t\t\t\t<a class=\"elementor-button elementor-button-link elementor-size-sm\" href=\"https:\/\/met-vet.erasmus.site\/platform\/library\/stories\" target=\"_blank\">\n\t\t\t\t\t\t<span class=\"elementor-button-content-wrapper\">\n\t\t\t\t\t\t\t\t\t<span class=\"elementor-button-text\">Avatud<\/span>\n\t\t\t\t\t<\/span>\n\t\t\t\t\t<\/a>\n\t\t\t\t<\/div>\n\t\t\t\t\t\t\t\t<\/div>\n\t\t\t\t<\/div>\n\t\t\t\t<div class=\"elementor-element elementor-element-83f258b elementor-align-center elementor-widget elementor-widget-button\" data-id=\"83f258b\" data-element_type=\"widget\" data-e-type=\"widget\" data-widget_type=\"button.default\">\n\t\t\t\t<div class=\"elementor-widget-container\">\n\t\t\t\t\t\t\t\t\t<div class=\"elementor-button-wrapper\">\n\t\t\t\t\t<a class=\"elementor-button elementor-button-link elementor-size-sm\" href=\"https:\/\/met-vet.erasmus.site\/platform\/guide\" target=\"_blank\">\n\t\t\t\t\t\t<span class=\"elementor-button-content-wrapper\">\n\t\t\t\t\t\t\t\t\t<span class=\"elementor-button-text\">Loomingu juhend<\/span>\n\t\t\t\t\t<\/span>\n\t\t\t\t\t<\/a>\n\t\t\t\t<\/div>\n\t\t\t\t\t\t\t\t<\/div>\n\t\t\t\t<\/div>\n\t\t\t\t\t<\/div>\n\t\t<\/div>\n\t\t\t\t<div class=\"elementor-column elementor-col-25 elementor-top-column elementor-element elementor-element-4bd33ff\" data-id=\"4bd33ff\" data-element_type=\"column\" data-e-type=\"column\">\n\t\t\t<div class=\"elementor-widget-wrap elementor-element-populated\">\n\t\t\t\t\t\t<div class=\"elementor-element elementor-element-af7e450 elementor-view-default elementor-widget elementor-widget-icon\" data-id=\"af7e450\" data-element_type=\"widget\" data-e-type=\"widget\" data-widget_type=\"icon.default\">\n\t\t\t\t<div class=\"elementor-widget-container\">\n\t\t\t\t\t\t\t<div class=\"elementor-icon-wrapper\">\n\t\t\t<div class=\"elementor-icon\">\n\t\t\t<i aria-hidden=\"true\" class=\"fas fa-tools\"><\/i>\t\t\t<\/div>\n\t\t<\/div>\n\t\t\t\t\t\t<\/div>\n\t\t\t\t<\/div>\n\t\t\t\t<div class=\"elementor-element elementor-element-9e15ea9 elementor-widget elementor-widget-text-editor\" data-id=\"9e15ea9\" data-element_type=\"widget\" data-e-type=\"widget\" data-widget_type=\"text-editor.default\">\n\t\t\t\t<div class=\"elementor-widget-container\">\n\t\t\t\t\t\t\t\t\t<p>Kutse\u00f5ppe metakognitsiooni muutuste juhtimise t\u00f6\u00f6riistakomplekt<\/p>\t\t\t\t\t\t\t\t<\/div>\n\t\t\t\t<\/div>\n\t\t\t\t<div class=\"elementor-element elementor-element-cb25b2c elementor-align-center elementor-widget elementor-widget-button\" data-id=\"cb25b2c\" data-element_type=\"widget\" data-e-type=\"widget\" data-widget_type=\"button.default\">\n\t\t\t\t<div class=\"elementor-widget-container\">\n\t\t\t\t\t\t\t\t\t<div class=\"elementor-button-wrapper\">\n\t\t\t\t\t<a class=\"elementor-button elementor-button-link elementor-size-sm\" href=\"https:\/\/met-vet.erasmus.site\/results\/r4\/\">\n\t\t\t\t\t\t<span class=\"elementor-button-content-wrapper\">\n\t\t\t\t\t\t\t\t\t<span class=\"elementor-button-text\">Avatud<\/span>\n\t\t\t\t\t<\/span>\n\t\t\t\t\t<\/a>\n\t\t\t\t<\/div>\n\t\t\t\t\t\t\t\t<\/div>\n\t\t\t\t<\/div>\n\t\t\t\t\t<\/div>\n\t\t<\/div>\n\t\t\t\t\t<\/div>\n\t\t<\/section>\n\t\t\t\t<\/div>\n\t\t","protected":false},"excerpt":{"rendered":"<p>Projekti periood: 01.05.2022 \u2013 30.04.2024Projekti number: 2021-2-PL01-KA220-VET-000050783 Tere tulemast MET-VETi! MET-VET t\u00e4hendab &#8220;Metakognition for Environmental Thinking in VET&#8221; &#8211; see on Erasmus+ projekt, mille eesm\u00e4rk on muuta kutseharidus- ja -koolituskeskused &#8220;rohelisemaks muutmise&#8221; toetajateks, kuna Euroopa riigid on alustanud digitaalset ja keskkonnaalast \u00fcleminekut.\u00a0 MET-VETi eesm\u00e4rk on aidata kaasa koolitajate professionaalsele arengule keskkonnakaitse valdkonnas, et nad saaksid&hellip;&nbsp;<a href=\"https:\/\/met-vet.erasmus.site\/et\/\" rel=\"bookmark\">Read More &raquo;<span class=\"screen-reader-text\">Avaleht<\/span><\/a><\/p>\n","protected":false},"author":1,"featured_media":0,"parent":0,"menu_order":0,"comment_status":"closed","ping_status":"closed","template":"page-templates\/template-pagebuilder-full-width.php","meta":{"neve_meta_sidebar":"","neve_meta_container":"","neve_meta_enable_content_width":"off","neve_meta_content_width":100,"neve_meta_title_alignment":"","neve_meta_author_avatar":"","neve_post_elements_order":"","neve_meta_disable_header":"","neve_meta_disable_footer":"","neve_meta_disable_title":"","footnotes":""},"class_list":["post-10","page","type-page","status-publish","hentry"],"_links":{"self":[{"href":"https:\/\/met-vet.erasmus.site\/et\/wp-json\/wp\/v2\/pages\/10","targetHints":{"allow":["GET"]}}],"collection":[{"href":"https:\/\/met-vet.erasmus.site\/et\/wp-json\/wp\/v2\/pages"}],"about":[{"href":"https:\/\/met-vet.erasmus.site\/et\/wp-json\/wp\/v2\/types\/page"}],"author":[{"embeddable":true,"href":"https:\/\/met-vet.erasmus.site\/et\/wp-json\/wp\/v2\/users\/1"}],"replies":[{"embeddable":true,"href":"https:\/\/met-vet.erasmus.site\/et\/wp-json\/wp\/v2\/comments?post=10"}],"version-history":[{"count":155,"href":"https:\/\/met-vet.erasmus.site\/et\/wp-json\/wp\/v2\/pages\/10\/revisions"}],"predecessor-version":[{"id":500,"href":"https:\/\/met-vet.erasmus.site\/et\/wp-json\/wp\/v2\/pages\/10\/revisions\/500"}],"wp:attachment":[{"href":"https:\/\/met-vet.erasmus.site\/et\/wp-json\/wp\/v2\/media?parent=10"}],"curies":[{"name":"wp","href":"https:\/\/api.w.org\/{rel}","templated":true}]}}