{"id":56,"date":"2022-10-12T18:55:51","date_gmt":"2022-10-12T18:55:51","guid":{"rendered":"https:\/\/met-vet.erasmus.site\/?page_id=56"},"modified":"2024-06-28T10:13:14","modified_gmt":"2024-06-28T10:13:14","slug":"our-team","status":"publish","type":"page","link":"https:\/\/met-vet.erasmus.site\/es\/our-team\/","title":{"rendered":"Nuestro equipo"},"content":{"rendered":"<p><\/p>\n<h3><img fetchpriority=\"high\" decoding=\"async\" class=\"size-full wp-image-57 aligncenter\" src=\"https:\/\/met-vet.erasmus.site\/wp-content\/uploads\/2022\/10\/cwep.png\" alt=\"\" width=\"300\" height=\"300\" srcset=\"https:\/\/met-vet.erasmus.site\/wp-content\/uploads\/2022\/10\/cwep.png 300w, https:\/\/met-vet.erasmus.site\/wp-content\/uploads\/2022\/10\/cwep-150x150.png 150w\" sizes=\"(max-width: 300px) 100vw, 300px\" \/><\/h3>\n<h3 style=\"text-align: center;\">CENTRUM WSPIERANIA EDUKACJI I PRZEDSIEBIORCZOSCI (Polonia)<\/h3>\n<p>El Centro para la Educaci\u00f3n y el Apoyo al Emprendimiento (CWEP) es una organizaci\u00f3n no gubernamental fundada en 2004 por un grupo de empresarios, docentes y activistas sociales de Rzesz\u00f3w. La misi\u00f3n de CWEP es aumentar la calidad de la formaci\u00f3n educativa en todos los niveles y en todas sus formas, as\u00ed como promover el esp\u00edritu empresarial para fomentar la integraci\u00f3n de cualquier grupo social, independientemente de su g\u00e9nero, edad y origen \u00e9tnico. El objetivo del CWEP es promover e implementar las mejores soluciones que sirvan a este prop\u00f3sito. En particular, los objetivos son mejorar la accesibilidad, la calidad y la eficiencia de la educaci\u00f3n de todas las personas, promover y contribuir a la educaci\u00f3n de adultos, el aprendizaje permanente, el aprendizaje electr\u00f3nico y el uso de tecnolog\u00edas modernas en la educaci\u00f3n y el esp\u00edritu empresarial. La Asociaci\u00f3n trabaja con muchos socios de Europa para fortalecer la posici\u00f3n econ\u00f3mica de las empresas y proporciona una plataforma en l\u00ednea para las empresas.<\/p>\n<hr \/>\n<h3><img decoding=\"async\" class=\"aligncenter wp-image-85 size-full\" src=\"https:\/\/met-vet.erasmus.site\/wp-content\/uploads\/2022\/10\/inercia.png\" alt=\"\" width=\"300\" height=\"300\" srcset=\"https:\/\/met-vet.erasmus.site\/wp-content\/uploads\/2022\/10\/inercia.png 300w, https:\/\/met-vet.erasmus.site\/wp-content\/uploads\/2022\/10\/inercia-150x150.png 150w\" sizes=\"(max-width: 300px) 100vw, 300px\" \/><\/h3>\n<h3 style=\"text-align: center;\">Inercia Digital SL (Espa\u00f1a)<\/h3>\n<p>Fundada en 2010, Inercia Digital es una innovadora organizaci\u00f3n andaluza especializada en la formaci\u00f3n e innovaci\u00f3n en competencias digitales a nivel internacional.<br \/>\nSomos un centro de FP (Formaci\u00f3n Profesional para el Empleo) acreditado oficialmente por nuestra Junta de Andaluc\u00eda y nuestra principal \u00e1rea de especializaci\u00f3n es el fomento de las competencias digitales y emprendedoras, que hacemos accesible a trav\u00e9s de nuestro Campus Virtual, homologado por la Junta de Andaluc\u00eda como Formaci\u00f3n Virtual Centro de Empleo.<\/p>\n<hr \/>\n<h3><img decoding=\"async\" class=\"wp-image-86 size-full aligncenter\" src=\"https:\/\/met-vet.erasmus.site\/wp-content\/uploads\/2022\/10\/vhs.png\" alt=\"\" width=\"300\" height=\"300\" srcset=\"https:\/\/met-vet.erasmus.site\/wp-content\/uploads\/2022\/10\/vhs.png 300w, https:\/\/met-vet.erasmus.site\/wp-content\/uploads\/2022\/10\/vhs-150x150.png 150w\" sizes=\"(max-width: 300px) 100vw, 300px\" \/><\/h3>\n<h3 style=\"text-align: center;\">Volkshochschule im Landkreis Cham e.V. (Alemania)<\/h3>\n<p>Volkshochschule im Landkreis Cham e.V. (Centro de educaci\u00f3n para adultos en el distrito de Cham) es una instituci\u00f3n no estatal sin fines de lucro que brinda servicios educativos a la poblaci\u00f3n adulta en el distrito de Cham.<br \/>\nLa misi\u00f3n de la organizaci\u00f3n es garantizar el derecho a la educaci\u00f3n, el acceso a los servicios de aprendizaje permanente y la igualdad de oportunidades al dotar a los ciudadanos de los conocimientos y habilidades necesarios para ser un miembro activo de la sociedad. Para hacerlo, la instituci\u00f3n brinda una amplia gama de servicios en temas vocacionales (por ejemplo, TI, contabilidad, marketing) y no vocacionales (estilo de vida saludable y \u201cverde\u201d, deportes, cultura).<\/p>\n<hr \/>\n<h3><img loading=\"lazy\" decoding=\"async\" class=\"wp-image-84 size-full aligncenter\" src=\"https:\/\/met-vet.erasmus.site\/wp-content\/uploads\/2022\/10\/esse.png\" alt=\"\" width=\"300\" height=\"300\" srcset=\"https:\/\/met-vet.erasmus.site\/wp-content\/uploads\/2022\/10\/esse.png 300w, https:\/\/met-vet.erasmus.site\/wp-content\/uploads\/2022\/10\/esse-150x150.png 150w\" sizes=\"(max-width: 300px) 100vw, 300px\" \/><\/h3>\n<h3 style=\"text-align: center;\">Essenia UETP (Italia)<\/h3>\n<p>ESSENIA UETP-University and Enterprise Training Partnership es una organizaci\u00f3n VET italiana fundada en 2005 con sede en Salerno. Est\u00e1 especializada en proyectos de movilidad transnacional y tambi\u00e9n ha sido galardonada con el \u201cSello de Excelencia\u201d dentro del Programa Erasmus+. Essenia desarrolla e implementa programas y cursos de formaci\u00f3n reconocidos por la regi\u00f3n de Campania y el Ministerio de Educaci\u00f3n italiano; desde 2019 tambi\u00e9n es Eurodesk Centre.<br \/>\nLas actividades principales de Essenia son:<br \/>\nMOVILIDAD INTERNACIONAL y proyectos de la UE &#8211; Essenia ha llevado a cabo muchos proyectos Erasmus+ KA2 como coordinadora y socia;<br \/>\nFORMACI\u00d3N &#8211; dise\u00f1o e implementaci\u00f3n de cursos de formaci\u00f3n en los campos: Turismo, Cultura, Medio Ambiente, Agricultura, TIC, Marketing, Gesti\u00f3n de Proyectos;<br \/>\nORIENTACI\u00d3N PROFESIONAL: como Centro Eurodesk, Essenia ofrece orientaci\u00f3n profesional gratuita y un servicio de informaci\u00f3n para j\u00f3venes;<br \/>\nCONSULTOR\u00cdA \u2013 Essenia apoya a entidades p\u00fablicas y privadas en el dise\u00f1o y gesti\u00f3n de proyectos financiados por la UE.<\/p>\n<hr \/>\n<h3><img loading=\"lazy\" decoding=\"async\" class=\"wp-image-87 size-full aligncenter\" src=\"https:\/\/met-vet.erasmus.site\/wp-content\/uploads\/2022\/10\/oloklirosi.png\" alt=\"\" width=\"300\" height=\"300\" srcset=\"https:\/\/met-vet.erasmus.site\/wp-content\/uploads\/2022\/10\/oloklirosi.png 300w, https:\/\/met-vet.erasmus.site\/wp-content\/uploads\/2022\/10\/oloklirosi-150x150.png 150w\" sizes=\"(max-width: 300px) 100vw, 300px\" \/><\/h3>\n<h3 style=\"text-align: center;\">Lifelong Learning Centre \u00abOloklirosi\u00bb (Grecia)<\/h3>\n<p>El Centro de Aprendizaje Permanente \u201cOloklirosi\u201d est\u00e1 certificado por la Organizaci\u00f3n Nacional para la Certificaci\u00f3n de Cualificaciones y Orientaci\u00f3n Profesional (EOPPEP) y la Secretar\u00eda General de Aprendizaje Permanente del Ministerio de Educaci\u00f3n (GGDBM). Desde 2018, la organizaci\u00f3n ampli\u00f3 sus actividades como centro internacional permanente a trav\u00e9s de la fundaci\u00f3n del centro educativo Erasmuslearn (https:\/\/erasmuslearn.eu\/). Adem\u00e1s proporciona:<br \/>\n&#8211; servicios educativos y de formaci\u00f3n profesional para desempleados, grupos sociales vulnerables y empleados, sobre temas modernos que satisfagan las necesidades reales del mercado laboral con el fin de promover a los desempleados y personas de grupos sociales vulnerables al mercado laboral y mejorar las habilidades de los empleados,<br \/>\n&#8211; servicios de asesoramiento y orientaci\u00f3n profesional, servicios de conducci\u00f3n de estudios en el mercado laboral,<br \/>\n&#8211; asesoramiento empresarial y servicios especializados de asesoramiento empresarial en la econom\u00eda social.<\/p>\n<hr \/>\n<h3><img loading=\"lazy\" decoding=\"async\" class=\"wp-image-88 size-full aligncenter\" src=\"https:\/\/met-vet.erasmus.site\/wp-content\/uploads\/2022\/10\/synesthesis.png\" alt=\"\" width=\"300\" height=\"300\" srcset=\"https:\/\/met-vet.erasmus.site\/wp-content\/uploads\/2022\/10\/synesthesis.png 300w, https:\/\/met-vet.erasmus.site\/wp-content\/uploads\/2022\/10\/synesthesis-150x150.png 150w\" sizes=\"(max-width: 300px) 100vw, 300px\" \/><\/h3>\n<h3 style=\"text-align: center;\">Synthesis Center for Research and Education Limited (Chipre)<\/h3>\n<p>SYNTHESIS Center for Research and Education es una organizaci\u00f3n pionera que inicia e implementa proyectos de cambio social positivo en los campos del esp\u00edritu empresarial, el compromiso c\u00edvico, la alfabetizaci\u00f3n digital y la integraci\u00f3n de inmigrantes. SYNTHESIS es quiz\u00e1s la instituci\u00f3n l\u00edder en el campo del emprendimiento social en la isla. Una de sus historias de \u00e9xito es el establecimiento de \u201cHub Nicosia\u201d, un centro de trabajo conjunto para organizaciones con fines culturales, ambientales y sociales. SYNTHESIS brinda educaci\u00f3n no formal a grupos diversos y vulnerables con el objetivo de ayudarlos a adquirir las habilidades que necesitan para llevar una vida satisfactoria y productiva. Como proveedor de VET, SYNTHESIS tambi\u00e9n ofrece programas de capacitaci\u00f3n empresarial y de habilidades blandas, en particular para personas en riesgo de exclusi\u00f3n social, incluidos ni\u00f1os, mujeres, inmigrantes y refugiados, personas con discapacidades emocionales y de aprendizaje, j\u00f3venes y desempleados de larga duraci\u00f3n.<\/p>\n<hr \/>\n<h3><img loading=\"lazy\" decoding=\"async\" class=\"wp-image-89 size-full aligncenter\" src=\"https:\/\/met-vet.erasmus.site\/wp-content\/uploads\/2022\/10\/cuiblue.png\" alt=\"\" width=\"300\" height=\"300\" srcset=\"https:\/\/met-vet.erasmus.site\/wp-content\/uploads\/2022\/10\/cuiblue.png 300w, https:\/\/met-vet.erasmus.site\/wp-content\/uploads\/2022\/10\/cuiblue-150x150.png 150w\" sizes=\"(max-width: 300px) 100vw, 300px\" \/><\/h3>\n<h3 style=\"text-align: center;\">Cuiablue O\u00dc (Estonia)<\/h3>\n<p>Cuiablue O\u00dc es una empresa social que impulsa un cambio social y ambiental positivo a trav\u00e9s de soluciones educativas creativas para el aprendizaje informal y la formaci\u00f3n profesional personalizados. Las actividades principales de Cuiablue O\u00dc son el dise\u00f1o, el desarrollo, la gesti\u00f3n, la implementaci\u00f3n y la difusi\u00f3n y explotaci\u00f3n generalizadas de proyectos y programas de investigaci\u00f3n e innovaci\u00f3n social, para apoyar objetivos estrat\u00e9gicos europeos m\u00e1s amplios. Cuiablue O\u00dc se especializa en el dise\u00f1o de herramientas innovadoras para apoyar los movimientos de aprendizaje al trabajar junto con grupos de personas para avanzar en sus ideas ambientales, sociales o culturales compartidas mientras desarrollan simult\u00e1neamente sus habilidades y conocimientos. El objetivo es utilizar la experiencia y las redes europeas para generar un impacto social y digital positivo a largo plazo en los campos de la educaci\u00f3n de adultos,<br \/>\nla educaci\u00f3n escolar, la educaci\u00f3n y la formaci\u00f3n profesional, al mismo tiempo que se fomenta el empoderamiento y la participaci\u00f3n activa entre los j\u00f3venes y las comunidades marginadas, como como ancianos, refugiados y migrantes.<\/p>","protected":false},"excerpt":{"rendered":"<p>CENTRUM WSPIERANIA EDUKACJI I PRZEDSIEBIORCZOSCI (Polonia) El Centro para la Educaci\u00f3n y el Apoyo al Emprendimiento (CWEP) es una organizaci\u00f3n no gubernamental fundada en 2004 por un grupo de empresarios, docentes y activistas sociales de Rzesz\u00f3w. La misi\u00f3n de CWEP es aumentar la calidad de la formaci\u00f3n educativa en todos los niveles y en todas&hellip;&nbsp;<a href=\"https:\/\/met-vet.erasmus.site\/es\/our-team\/\" rel=\"bookmark\">Leer m\u00e1s &raquo;<span class=\"screen-reader-text\">Nuestro equipo<\/span><\/a><\/p>\n","protected":false},"author":1,"featured_media":0,"parent":0,"menu_order":0,"comment_status":"closed","ping_status":"closed","template":"","meta":{"neve_meta_sidebar":"","neve_meta_container":"","neve_meta_enable_content_width":"off","neve_meta_content_width":100,"neve_meta_title_alignment":"","neve_meta_author_avatar":"","neve_post_elements_order":"","neve_meta_disable_header":"","neve_meta_disable_footer":"","neve_meta_disable_title":"","footnotes":""},"class_list":["post-56","page","type-page","status-publish","hentry"],"_links":{"self":[{"href":"https:\/\/met-vet.erasmus.site\/es\/wp-json\/wp\/v2\/pages\/56","targetHints":{"allow":["GET"]}}],"collection":[{"href":"https:\/\/met-vet.erasmus.site\/es\/wp-json\/wp\/v2\/pages"}],"about":[{"href":"https:\/\/met-vet.erasmus.site\/es\/wp-json\/wp\/v2\/types\/page"}],"author":[{"embeddable":true,"href":"https:\/\/met-vet.erasmus.site\/es\/wp-json\/wp\/v2\/users\/1"}],"replies":[{"embeddable":true,"href":"https:\/\/met-vet.erasmus.site\/es\/wp-json\/wp\/v2\/comments?post=56"}],"version-history":[{"count":10,"href":"https:\/\/met-vet.erasmus.site\/es\/wp-json\/wp\/v2\/pages\/56\/revisions"}],"predecessor-version":[{"id":485,"href":"https:\/\/met-vet.erasmus.site\/es\/wp-json\/wp\/v2\/pages\/56\/revisions\/485"}],"wp:attachment":[{"href":"https:\/\/met-vet.erasmus.site\/es\/wp-json\/wp\/v2\/media?parent=56"}],"curies":[{"name":"wp","href":"https:\/\/api.w.org\/{rel}","templated":true}]}}