{"id":62,"date":"2022-10-12T18:57:35","date_gmt":"2022-10-12T18:57:35","guid":{"rendered":"https:\/\/met-vet.erasmus.site\/?page_id=62"},"modified":"2022-10-13T13:56:19","modified_gmt":"2022-10-13T13:56:19","slug":"contact","status":"publish","type":"page","link":"https:\/\/met-vet.erasmus.site\/el\/contact\/","title":{"rendered":"\u0395\u03c0\u03b9\u03ba\u03bf\u03b9\u03bd\u03c9\u03bd\u03af\u03b1"},"content":{"rendered":"<p><\/p>\n<table>\n<tbody>\n<tr>\n<td width=\"255\">CENTRUM WSPIERANIA EDUKACJI I PRZEDSIEBIORCZOSCI (\u03a0\u03bf\u03bb\u03c9\u03bd\u03af\u03b1)<\/td>\n<td width=\"340\">CWEP<\/p>\n<p>Hoffmanowej 19<br \/>\n35-016 Rzesz\u00f3w<br \/>\nPodkarpackie, Polska<\/p>\n<p><a href=\"https:\/\/cwep.eu\/kontakt\/\">https:\/\/cwep.eu\/kontakt\/<\/a><\/td>\n<\/tr>\n<tr>\n<td width=\"255\">Inercia Digital SL (\u0399\u03c3\u03c0\u03b1\u03bd\u03af\u03b1)<\/td>\n<td width=\"340\">Enrique Pic\u00f3n Roca<\/p>\n<p><a href=\"mailto:enriquepicon@inerciadigital.com\">enriquepicon@inerciadigital.com<\/a><\/p>\n<p>Parque Cient\u00edfico y Tecnol\u00f3gico de Huelva (PCTH, C. Caucho, 1, Edificio 2000,<\/p>\n<p>21110 Aljaraque, Huelva<\/p>\n<p><a href=\"http:\/\/www.inerciadigital.com\">inerciadigital.com<\/a><\/td>\n<\/tr>\n<tr>\n<td width=\"255\">Volkshochschule im Landkreis Cham e.V. (\u0393\u03b5\u03c1\u03bc\u03b1\u03bd\u03af\u03b1)<\/td>\n<td width=\"340\">Natasha Prystrom<\/p>\n<p><a href=\"mailto:nprystrom@vhs-cham.de\">nprystrom@vhs-cham.de<\/a><\/p>\n<p>Pfarrer-Seidl-Str. 1<\/p>\n<p>93413 Cham<\/p>\n<p><a href=\"http:\/\/www.vhs-cham.de\">vhs-cham.de<\/a><\/td>\n<\/tr>\n<tr>\n<td width=\"255\">Essenia UETP (\u0399\u03c4\u03b1\u03bb\u03af\u03b1)<\/td>\n<td width=\"340\">Giovanna Palumbo<\/p>\n<p><a href=\"mailto:gpalumbo@esseniauetp.it\">gpalumbo@esseniauetp.it<\/a><\/p>\n<p>Via Sabato Visco 24, A<\/p>\n<p>84131, Salerno, Italy<\/p>\n<p><a href=\"http:\/\/www.esseniauetp.it\">esseniauetp.it<\/a><\/td>\n<\/tr>\n<tr>\n<td width=\"255\">Lifelong Learning Centre \u00abOloklirosi\u00bb (\u0395\u03bb\u03bb\u03ac\u03b4\u03b1)<\/td>\n<td width=\"340\">Amalia Niniraki<\/p>\n<p><a href=\"mailto:erasmuslearn@gmail.com\">erasmuslearn@gmail.com<\/a><\/p>\n<p>Leoforos 62 Martiron 150<\/p>\n<p>Heraklion Crete<\/p>\n<p><a href=\"http:\/\/www.erasmuslearn.eu\">erasmuslearn.eu<\/a><\/td>\n<\/tr>\n<tr>\n<td width=\"255\">Synthesis Center for Research and Education Limited (\u039a\u03cd\u03c0\u03c1\u03bf\u03c2)<\/td>\n<td width=\"340\">Galina Berjozkina, <a href=\"mailto:gb@synthesis-center.com\">gb@synthesis-center.com<\/a> Tagmatarchi Pouliou 33 | 1101 Nicosia | Cyprus<\/p>\n<p><a href=\"https:\/\/www.synthesis-center.org\/\">https:\/\/www.synthesis-center.org\/<\/a><\/td>\n<\/tr>\n<tr>\n<td width=\"255\">Cuiablue O\u00dc (\u0395\u03c3\u03b8\u03bf\u03bd\u03af\u03b1)<\/td>\n<td width=\"340\">Andrew Stapleton<\/p>\n<p>cuiablue.ee@gmail.com<\/p>\n<p>Ahtri 12, 10151 Tallinn, Estonia<\/p>\n<p><a href=\"http:\/\/www.cuiablue.ee\">www.cuiablue.ee<\/a><\/td>\n<\/tr>\n<\/tbody>\n<\/table>\n<p><\/p>","protected":false},"excerpt":{"rendered":"<p>CENTRUM WSPIERANIA EDUKACJI I PRZEDSIEBIORCZOSCI (\u03a0\u03bf\u03bb\u03c9\u03bd\u03af\u03b1) CWEP Hoffmanowej 19 35-016 Rzesz\u00f3w Podkarpackie, Polska https:\/\/cwep.eu\/kontakt\/ Inercia Digital SL (\u0399\u03c3\u03c0\u03b1\u03bd\u03af\u03b1) Enrique Pic\u00f3n Roca enriquepicon@inerciadigital.com Parque Cient\u00edfico y Tecnol\u00f3gico de Huelva (PCTH, C. Caucho, 1, Edificio 2000, 21110 Aljaraque, Huelva inerciadigital.com Volkshochschule im Landkreis Cham e.V. (\u0393\u03b5\u03c1\u03bc\u03b1\u03bd\u03af\u03b1) Natasha Prystrom nprystrom@vhs-cham.de Pfarrer-Seidl-Str. 1 93413 Cham vhs-cham.de Essenia UETP (\u0399\u03c4\u03b1\u03bb\u03af\u03b1)&hellip;&nbsp;<a href=\"https:\/\/met-vet.erasmus.site\/el\/contact\/\" rel=\"bookmark\">\u03a0\u03b5\u03c1\u03b9\u03c3\u03c3\u03cc\u03c4\u03b5\u03c1\u03b1 &raquo;<span class=\"screen-reader-text\">\u0395\u03c0\u03b9\u03ba\u03bf\u03b9\u03bd\u03c9\u03bd\u03af\u03b1<\/span><\/a><\/p>\n","protected":false},"author":1,"featured_media":0,"parent":0,"menu_order":0,"comment_status":"closed","ping_status":"closed","template":"","meta":{"neve_meta_sidebar":"","neve_meta_container":"","neve_meta_enable_content_width":"off","neve_meta_content_width":100,"neve_meta_title_alignment":"","neve_meta_author_avatar":"","neve_post_elements_order":"","neve_meta_disable_header":"","neve_meta_disable_footer":"","neve_meta_disable_title":"","footnotes":""},"class_list":["post-62","page","type-page","status-publish","hentry"],"_links":{"self":[{"href":"https:\/\/met-vet.erasmus.site\/el\/wp-json\/wp\/v2\/pages\/62","targetHints":{"allow":["GET"]}}],"collection":[{"href":"https:\/\/met-vet.erasmus.site\/el\/wp-json\/wp\/v2\/pages"}],"about":[{"href":"https:\/\/met-vet.erasmus.site\/el\/wp-json\/wp\/v2\/types\/page"}],"author":[{"embeddable":true,"href":"https:\/\/met-vet.erasmus.site\/el\/wp-json\/wp\/v2\/users\/1"}],"replies":[{"embeddable":true,"href":"https:\/\/met-vet.erasmus.site\/el\/wp-json\/wp\/v2\/comments?post=62"}],"version-history":[{"count":8,"href":"https:\/\/met-vet.erasmus.site\/el\/wp-json\/wp\/v2\/pages\/62\/revisions"}],"predecessor-version":[{"id":164,"href":"https:\/\/met-vet.erasmus.site\/el\/wp-json\/wp\/v2\/pages\/62\/revisions\/164"}],"wp:attachment":[{"href":"https:\/\/met-vet.erasmus.site\/el\/wp-json\/wp\/v2\/media?parent=62"}],"curies":[{"name":"wp","href":"https:\/\/api.w.org\/{rel}","templated":true}]}}