{"id":56,"date":"2022-10-12T18:55:51","date_gmt":"2022-10-12T18:55:51","guid":{"rendered":"https:\/\/met-vet.erasmus.site\/?page_id=56"},"modified":"2024-06-28T10:13:14","modified_gmt":"2024-06-28T10:13:14","slug":"our-team","status":"publish","type":"page","link":"https:\/\/met-vet.erasmus.site\/de\/our-team\/","title":{"rendered":"Unser Team"},"content":{"rendered":"<p><\/p>\n<h3><img fetchpriority=\"high\" decoding=\"async\" class=\"size-full wp-image-57 aligncenter\" src=\"https:\/\/met-vet.erasmus.site\/wp-content\/uploads\/2022\/10\/cwep.png\" alt=\"\" width=\"300\" height=\"300\" srcset=\"https:\/\/met-vet.erasmus.site\/wp-content\/uploads\/2022\/10\/cwep.png 300w, https:\/\/met-vet.erasmus.site\/wp-content\/uploads\/2022\/10\/cwep-150x150.png 150w\" sizes=\"(max-width: 300px) 100vw, 300px\" \/><\/h3>\n<h3 style=\"text-align: center;\"><strong>CENTRUM WSPIERANIA EDUKACJI I PRZEDSIEBIORCZOSCI (Polen)<\/strong><\/h3>\n<p>Das \u201eZentrum zur Unterst\u00fctzung von Bildung und Unternehmertum\u201c (CWEP) ist eine Nichtregierungsorganisation, die 2004 von einer Gruppe von Unternehmer*innen, Lehrer*innen und sozialen Aktivist*innen in Rzesz\u00f3w gegr\u00fcndet wurde. Aufgabe des CWEP ist es, die Qualit\u00e4t der Ausbildung auf allen Ebenen und in allen Formen zu verbessern sowie das Unternehmertum zu f\u00f6rdern, um die Integration aller sozialen Gruppen unabh\u00e4ngig von Geschlecht, Alter und ethnischer Herkunft zu unterst\u00fctzen. Ziel des CWEP ist es, die besten L\u00f6sungen zu f\u00f6rdern und umzusetzen, die diesem Ziel dienen. Insbesondere geht es darum, die Zug\u00e4nglichkeit, Qualit\u00e4t und Effizienz der Bildung f\u00fcr alle Menschen zu verbessern, Erwachsenenbildung, lebenslanges Lernen, E-Learning und die Nutzung moderner Technologien in Bildung und Unternehmertum zu f\u00f6rdern und einen Beitrag zu leisten. Der Verband arbeitet mit vielen Partnern aus Europa zusammen, um die wirtschaftliche Position von Unternehmen zu st\u00e4rken und bietet eine Online-Plattform f\u00fcr Unternehmen.<\/p>\n<hr \/>\n<h3><img decoding=\"async\" class=\"aligncenter wp-image-85 size-full\" src=\"https:\/\/met-vet.erasmus.site\/wp-content\/uploads\/2022\/10\/inercia.png\" alt=\"\" width=\"300\" height=\"300\" srcset=\"https:\/\/met-vet.erasmus.site\/wp-content\/uploads\/2022\/10\/inercia.png 300w, https:\/\/met-vet.erasmus.site\/wp-content\/uploads\/2022\/10\/inercia-150x150.png 150w\" sizes=\"(max-width: 300px) 100vw, 300px\" \/><\/h3>\n<h3 style=\"text-align: center;\"><strong>Inercia Digital SL (Spanien)<\/strong><\/h3>\n<p>Inercia Digital wurde 2010 gegr\u00fcndet und ist eine innovative andalusische Organisation, die sich auf Ausbildung und Innovation im Bereich der digitalen Kompetenzen auf internationalem Niveau spezialisiert hat.<\/p>\n<p>Es handelt sich um ein von der Regionalregierung offiziell anerkanntes Berufsbildungszentrum (Vocational Training for Employment), dessen Hauptfachgebiet die F\u00f6rderung digitaler und unternehmerischer Kompetenzen darstellt, die \u00fcber den virtuellen Campus zug\u00e4nglich gemacht werden, der von der andalusischen Regionalregierung als virtuelles Ausbildungszentrum f\u00fcr Besch\u00e4ftigung anerkannt ist.<\/p>\n<hr \/>\n<h3><img decoding=\"async\" class=\"wp-image-86 size-full aligncenter\" src=\"https:\/\/met-vet.erasmus.site\/wp-content\/uploads\/2022\/10\/vhs.png\" alt=\"\" width=\"300\" height=\"300\" srcset=\"https:\/\/met-vet.erasmus.site\/wp-content\/uploads\/2022\/10\/vhs.png 300w, https:\/\/met-vet.erasmus.site\/wp-content\/uploads\/2022\/10\/vhs-150x150.png 150w\" sizes=\"(max-width: 300px) 100vw, 300px\" \/><\/h3>\n<h3 style=\"text-align: center;\"><strong>Volkshochschule im Landkreis Cham e.V. (Deutschland)<\/strong><\/h3>\n<p>Die Volkshochschule im Landkreis Cham e.V. ist eine \u00f6ffentliche, gemeinn\u00fctzige Einrichtung, die vorwiegend Bildungsdienstleistungen f\u00fcr die erwachsene Bev\u00f6lkerung im Landkreis Cham anbietet.<\/p>\n<p>Der Auftrag der Organisation besteht darin, das Recht auf Bildung, den Zugang zu Dienstleistungen des lebenslangen Lernens und die Chancengleichheit zu gew\u00e4hrleisten, indem sie den B\u00fcrger*innen das Wissen und die F\u00e4higkeiten vermittelt, die sie ben\u00f6tigen, um ein aktives Mitglied der Gesellschaft zu sein. Zu diesem Zweck bietet die Einrichtung eine breite Palette von Dienstleistungen zu beruflichen (z. B. IT, Buchhaltung, Marketing) und nichtberuflichen Themen (gesunde und nachhaltige Lebensweise, Sport, Kultur) an.<\/p>\n<hr \/>\n<h3><img loading=\"lazy\" decoding=\"async\" class=\"wp-image-84 size-full aligncenter\" src=\"https:\/\/met-vet.erasmus.site\/wp-content\/uploads\/2022\/10\/esse.png\" alt=\"\" width=\"300\" height=\"300\" srcset=\"https:\/\/met-vet.erasmus.site\/wp-content\/uploads\/2022\/10\/esse.png 300w, https:\/\/met-vet.erasmus.site\/wp-content\/uploads\/2022\/10\/esse-150x150.png 150w\" sizes=\"(max-width: 300px) 100vw, 300px\" \/><\/h3>\n<h3 style=\"text-align: center;\"><strong>Essenia UETP (Italien)<\/strong><\/h3>\n<p>ESSENIA UETP \u2013 eine Ausbildungspartnerschaft zwischen Hochschulen und Unternehmen ist eine 2005 gegr\u00fcndete italienische Berufsbildungseinrichtung mit Sitz in Salerno. Sie ist auf transnationale Mobilit\u00e4tsprojekte spezialisiert und wurde im Rahmen des Programms Erasmus+ mit dem Exzellenzsiegel ausgezeichnet. Essenia entwickelt und implementiert Trainingsprogramme und Kurse, die von Campania Region und dem italienischen Bildungsministerium anerkannt sind; seit 2019 ist es auch Eurodesk-Zentrum.<\/p>\n<p>Die Kernaktivit\u00e4ten von Essenia sind:<\/p>\n<p>INTERNATIONALE MOBILIT\u00c4T und EU-Projekte &#8211; Essenia hat viele Erasmus+ KA2-Projekte als Koordinator und Partner durchgef\u00fchrt;<\/p>\n<p>TRAINING \u2013 Konzeption und Durchf\u00fchrung von Trainingskursen in den Bereichen: Tourismus, Kultur, Umwelt, Landwirtschaft, IKT, Marketing, Projektmanagement;<\/p>\n<p>BERUFSBERATUNG \u2013 als Eurodesk-Zentrum bietet Essenia kostenlose Berufsberatung und einen Informationsdienst f\u00fcr junge Menschen an;<\/p>\n<p>BERATUNG \u2013 Essenia unterst\u00fctzt \u00f6ffentliche und private Einrichtungen bei der Gestaltung und Verwaltung von EU-finanzierten Projekten.<\/p>\n<hr \/>\n<h3><img loading=\"lazy\" decoding=\"async\" class=\"wp-image-87 size-full aligncenter\" src=\"https:\/\/met-vet.erasmus.site\/wp-content\/uploads\/2022\/10\/oloklirosi.png\" alt=\"\" width=\"300\" height=\"300\" srcset=\"https:\/\/met-vet.erasmus.site\/wp-content\/uploads\/2022\/10\/oloklirosi.png 300w, https:\/\/met-vet.erasmus.site\/wp-content\/uploads\/2022\/10\/oloklirosi-150x150.png 150w\" sizes=\"(max-width: 300px) 100vw, 300px\" \/><\/h3>\n<h3 style=\"text-align: center;\"><strong>Zentrum f\u00fcr Lebenslanges Lernen \u201eOloklirosi\u201c (Griechenland)<\/strong><\/h3>\n<p>Das Zentrum f\u00fcr Lebenslanges Lernen \u201eOloklirosi\u201c ist von der Nationalen Organisation f\u00fcr die Zertifizierung von Qualifikationen und Berufsberatung (EOPPEP) und dem Generalsekret\u00e4r f\u00fcr Lebenslanges Lernen des Bildungsministeriums (GGDBM) zertifiziert. Seit 2018 hat die Organisation ihre Aktivit\u00e4ten als internationales Zentrum f\u00fcr lebenslanges Lernen durch die Gr\u00fcndung des Bildungszentrums Erasmuslearn (<a href=\"https:\/\/erasmuslearn.eu\/\">https:\/\/erasmuslearn.eu\/<\/a>) erweitert. Dar\u00fcber hinaus bietet das Zentrum:<\/p>\n<p>&#8211; Bildungs- und Berufsbildungsdienstleistungen f\u00fcr Arbeitslose, benachteiligte Bev\u00f6lkerungsgruppen und Arbeitnehmer*innen zu modernen Themen, die den tats\u00e4chlichen Bed\u00fcrfnissen des Arbeitsmarktes entsprechen, um Arbeitslose und Menschen aus benachteiligten Gruppen auf dem Arbeitsmarkt zu f\u00f6rdern und die F\u00e4higkeiten der Arbeitnehmer*innen zu verbessern,<\/p>\n<p>&#8211; Beratungs- und Berufsberatungsdienste, Dienstleistungen zur Durchf\u00fchrung von Studien auf dem Arbeitsmarkt,<\/p>\n<p>&#8211; Beratung zum Unternehmertum und spezialisierte Beratungsdienste zum Unternehmertum in der Sozialwirtschaft.<\/p>\n<hr \/>\n<h3><img loading=\"lazy\" decoding=\"async\" class=\"wp-image-88 size-full aligncenter\" src=\"https:\/\/met-vet.erasmus.site\/wp-content\/uploads\/2022\/10\/synesthesis.png\" alt=\"\" width=\"300\" height=\"300\" srcset=\"https:\/\/met-vet.erasmus.site\/wp-content\/uploads\/2022\/10\/synesthesis.png 300w, https:\/\/met-vet.erasmus.site\/wp-content\/uploads\/2022\/10\/synesthesis-150x150.png 150w\" sizes=\"(max-width: 300px) 100vw, 300px\" \/><\/h3>\n<h3 style=\"text-align: center;\"><strong>SYNTHESIS Center for Research and Education Limited (Zypern)<\/strong><\/h3>\n<p>SYNTHESIS \u2013 Zentrum f\u00fcr Forschung und Bildung ist eine Pionierorganisation, die Projekte f\u00fcr einen positiven sozialen Wandel in den Bereichen Unternehmertum, b\u00fcrgerschaftliches Engagement, digitale Kompetenz und Integration von Migrant*innen initiiert und umsetzt. SYNTHESIS ist vielleicht die f\u00fchrende Einrichtung auf dem Gebiet des sozialen Unternehmertums auf der Insel. Eine seiner Erfolgsgeschichten ist die Einrichtung von \u201eHub Nicosia\u201c, einem Arbeitszentrum f\u00fcr Organisationen mit kulturellen, \u00f6kologischen und sozialen Zielen. SYNTHESIS bietet non-formale Bildung f\u00fcr unterschiedliche und benachteiligte Gruppen mit dem Ziel, ihnen zu helfen, die F\u00e4higkeiten zu erwerben, die sie f\u00fcr ein erf\u00fclltes und produktives Leben ben\u00f6tigen. SYNTHESIS ist ein Anbieter von beruflicher Bildung und bietet auch Trainingsprogramme f\u00fcr unternehmerische und soziale F\u00e4higkeiten an, insbesondere f\u00fcr Menschen, die von sozialer Ausgrenzung bedroht sind, wie Kinder, Frauen, Migrant*innen und Gefl\u00fcchtete, Menschen mit Lern- und emotionalen Behinderungen, Jugendliche und Langzeitarbeitslose.<\/p>\n<hr \/>\n<h3><img loading=\"lazy\" decoding=\"async\" class=\"wp-image-89 size-full aligncenter\" src=\"https:\/\/met-vet.erasmus.site\/wp-content\/uploads\/2022\/10\/cuiblue.png\" alt=\"\" width=\"300\" height=\"300\" srcset=\"https:\/\/met-vet.erasmus.site\/wp-content\/uploads\/2022\/10\/cuiblue.png 300w, https:\/\/met-vet.erasmus.site\/wp-content\/uploads\/2022\/10\/cuiblue-150x150.png 150w\" sizes=\"(max-width: 300px) 100vw, 300px\" \/><\/h3>\n<h3 style=\"text-align: center;\"><strong>Cuiablue O\u00dc (Estland)<\/strong><\/h3>\n<p>Cuiablue O\u00dc ist ein soziales Unternehmen, das einen positiven sozialen und \u00f6kologischen Wandel durch kreative Bildungsl\u00f6sungen f\u00fcr ma\u00dfgeschneidertes informelles Lernen und berufliche Bildung vorantreibt. Die Kernaktivit\u00e4ten von Cuiablue O\u00dc sind die Konzeption, die Entwicklung, das Management, die Umsetzung und die weite Verbreitung und Nutzung von sozialen Innovations- und Forschungsprojekten und -programmen zur Unterst\u00fctzung breiterer europ\u00e4ischer strategischer Ziele. Cuiablue O\u00dc hat sich auf die Entwicklung innovativer Instrumente zur Unterst\u00fctzung von Lernbewegungen spezialisiert, indem es mit Gruppen von Menschen zusammenarbeitet, um ihre gemeinsamen \u00f6kologischen, sozialen oder kulturellen Ideen voranzubringen und gleichzeitig ihre F\u00e4higkeiten und ihr Wissen zu entwickeln. Ziel ist es, das Fachwissen und die europ\u00e4ischen Netzwerke zu nutzen, um eine langfristige, positive soziale und digitale Wirkung in den Bereichen Erwachsenenbildung, Schulbildung, Berufsbildung und Training zu erzielen und gleichzeitig das Empowerment und die aktive Beteiligung von Jugendlichen und benachteiligten Bev\u00f6lkerungsgruppen wie \u00e4lteren Menschen, Gefl\u00fcchteten und Migrant*innen zu f\u00f6rdern.<\/p>","protected":false},"excerpt":{"rendered":"<p>CENTRUM WSPIERANIA EDUKACJI I PRZEDSIEBIORCZOSCI (Polen) Das \u201eZentrum zur Unterst\u00fctzung von Bildung und Unternehmertum\u201c (CWEP) ist eine Nichtregierungsorganisation, die 2004 von einer Gruppe von Unternehmer*innen, Lehrer*innen und sozialen Aktivist*innen in Rzesz\u00f3w gegr\u00fcndet wurde. Aufgabe des CWEP ist es, die Qualit\u00e4t der Ausbildung auf allen Ebenen und in allen Formen zu verbessern sowie das Unternehmertum zu&hellip;&nbsp;<a href=\"https:\/\/met-vet.erasmus.site\/de\/our-team\/\" rel=\"bookmark\">Weiterlesen &raquo;<span class=\"screen-reader-text\">Unser Team<\/span><\/a><\/p>\n","protected":false},"author":1,"featured_media":0,"parent":0,"menu_order":0,"comment_status":"closed","ping_status":"closed","template":"","meta":{"neve_meta_sidebar":"","neve_meta_container":"","neve_meta_enable_content_width":"off","neve_meta_content_width":100,"neve_meta_title_alignment":"","neve_meta_author_avatar":"","neve_post_elements_order":"","neve_meta_disable_header":"","neve_meta_disable_footer":"","neve_meta_disable_title":"","footnotes":""},"class_list":["post-56","page","type-page","status-publish","hentry"],"_links":{"self":[{"href":"https:\/\/met-vet.erasmus.site\/de\/wp-json\/wp\/v2\/pages\/56","targetHints":{"allow":["GET"]}}],"collection":[{"href":"https:\/\/met-vet.erasmus.site\/de\/wp-json\/wp\/v2\/pages"}],"about":[{"href":"https:\/\/met-vet.erasmus.site\/de\/wp-json\/wp\/v2\/types\/page"}],"author":[{"embeddable":true,"href":"https:\/\/met-vet.erasmus.site\/de\/wp-json\/wp\/v2\/users\/1"}],"replies":[{"embeddable":true,"href":"https:\/\/met-vet.erasmus.site\/de\/wp-json\/wp\/v2\/comments?post=56"}],"version-history":[{"count":10,"href":"https:\/\/met-vet.erasmus.site\/de\/wp-json\/wp\/v2\/pages\/56\/revisions"}],"predecessor-version":[{"id":485,"href":"https:\/\/met-vet.erasmus.site\/de\/wp-json\/wp\/v2\/pages\/56\/revisions\/485"}],"wp:attachment":[{"href":"https:\/\/met-vet.erasmus.site\/de\/wp-json\/wp\/v2\/media?parent=56"}],"curies":[{"name":"wp","href":"https:\/\/api.w.org\/{rel}","templated":true}]}}