{"id":35,"date":"2022-10-12T18:42:13","date_gmt":"2022-10-12T18:42:13","guid":{"rendered":"https:\/\/met-vet.erasmus.site\/?page_id=35"},"modified":"2024-06-28T10:57:52","modified_gmt":"2024-06-28T10:57:52","slug":"about-the-project","status":"publish","type":"page","link":"https:\/\/met-vet.erasmus.site\/de\/about-the-project\/","title":{"rendered":"\u00dcber das Projekt"},"content":{"rendered":"<p>Die EU-Mitglieder haben eine Reihe von politischen Dokumenten verabschiedet, um ihre Auswirkungen auf die Umwelt zu verringern. In diesem Sinne k\u00f6nnen Bildungseinrichtungen (einschlie\u00dflich Berufsbildungszentren) zu Bef\u00fcrwortern des \u201eGreening-Prozesses\u201c werden, indem sie Lehrer*innen mit den notwendigen Kompetenzen zum Umweltschutz ausstatten und Sch\u00fcler*innen helfen, eine reflektierende und vorausschauende gr\u00fcne Denkweise zu entwickeln. Zu diesem Zweck k\u00f6nnten sie metakognitive* Lernstrategien anwenden, die ihnen helfen, ihre Erfahrungen in der Berufsbildung mit breiteren Umweltthemen in Einklang zu bringen.<\/p>\n<p>Das Projekt \u201eMetakognition f\u00fcr nachhaltiges Denken in der Berufsbildung\u201c, kurz MET-VET, zielt darauf ab, eine Reihe innovativer Instrumente zu entwickeln, um das Umweltbewusstsein von Lernenden in der Berufsbildung (einschlie\u00dflich benachteiligter Personen) und ihren Lehrkr\u00e4ften durch umfassendere metakognitive Kenntnisse und F\u00e4higkeiten zu f\u00f6rdern.<\/p>\n<p>Um dieses Ziel zu erreichen, wird das Projekt Folgendes entwickeln:<\/p>\n<ol>\n<li>Das Kompetenzrahmenwerk \u201eMetakognition f\u00fcr nachhaltiges Denken\u201c wird als Bezugspunkt f\u00fcr Berufsbildungsakteure dienen, um nachhaltiges Denken in bestehende Berufsbildungssysteme zu integrieren.<\/li>\n<li>Der frei zug\u00e4ngliche Kurs (MOOC) \u201eMetakognition f\u00fcr einen nachhaltigen Ansatz in der beruflichen Aus- und Weiterbildung\u201c wird sowohl Lernende als auch Lehrende informieren und schulen, um umweltorientiertes, reflektierendes Denken aus ihrer eigenen Perspektive effektiv zu verstehen.<\/li>\n<li>Der Leitfaden zur Sammlung und Erstellung von reflexionsbasierten digitalen Inhalten in der beruflichen Aus- und Weiterbildung wird den Lernenden helfen, ihre eigene metakognitive digitale Geschichte zu erstellen, um ihre pers\u00f6nliche und berufliche Entwicklung aus einer umweltbewussten Perspektive zu reflektieren.<\/li>\n<li>Das sogenannte \u201eToolkit zum Ver\u00e4nderungsmanagement der Metakognition in der beruflichen Aus- und Weiterbildung\u201c wird Berufsbildungszentren und Manager*innen dabei unterst\u00fctzen, die MET-VET-Instrumente und -Ans\u00e4tze reibungslos in den t\u00e4glichen Betrieb zu integrieren.<\/li>\n<\/ol>\n<p>Auf diese Weise will MET-VET zur Erreichung der breiteren europ\u00e4ischen Umwelt- und Nachhaltigkeitsziele beitragen.<\/p>\n<p>Das folgende Video erkl\u00e4rt den Unterschied zwischen kognitiven und metakognitiven Lernstrategien:<\/p>\n<div class=\"nv-iframe-embed\"><iframe title=\"What is metacognition? (Exploring the Metacognition Cycle)\" width=\"1200\" height=\"675\" src=\"https:\/\/www.youtube.com\/embed\/HZrUWvfU6VU?start=1&#038;feature=oembed\" frameborder=\"0\" allow=\"accelerometer; autoplay; clipboard-write; encrypted-media; gyroscope; picture-in-picture; web-share\" referrerpolicy=\"strict-origin-when-cross-origin\" allowfullscreen><\/iframe><\/div>\n<p>https:\/\/www.youtube.com\/watch?v=elZFL4FLVLE&amp;t=2s","protected":false},"excerpt":{"rendered":"<p>Die EU-Mitglieder haben eine Reihe von politischen Dokumenten verabschiedet, um ihre Auswirkungen auf die Umwelt zu verringern. In diesem Sinne k\u00f6nnen Bildungseinrichtungen (einschlie\u00dflich Berufsbildungszentren) zu Bef\u00fcrwortern des \u201eGreening-Prozesses\u201c werden, indem sie Lehrer*innen mit den notwendigen Kompetenzen zum Umweltschutz ausstatten und Sch\u00fcler*innen helfen, eine reflektierende und vorausschauende gr\u00fcne Denkweise zu entwickeln. Zu diesem Zweck k\u00f6nnten sie&hellip;&nbsp;<a href=\"https:\/\/met-vet.erasmus.site\/de\/about-the-project\/\" rel=\"bookmark\">Weiterlesen &raquo;<span class=\"screen-reader-text\">\u00dcber das Projekt<\/span><\/a><\/p>\n","protected":false},"author":1,"featured_media":0,"parent":0,"menu_order":0,"comment_status":"closed","ping_status":"closed","template":"","meta":{"neve_meta_sidebar":"","neve_meta_container":"","neve_meta_enable_content_width":"off","neve_meta_content_width":100,"neve_meta_title_alignment":"","neve_meta_author_avatar":"","neve_post_elements_order":"","neve_meta_disable_header":"","neve_meta_disable_footer":"","neve_meta_disable_title":"","footnotes":""},"class_list":["post-35","page","type-page","status-publish","hentry"],"_links":{"self":[{"href":"https:\/\/met-vet.erasmus.site\/de\/wp-json\/wp\/v2\/pages\/35","targetHints":{"allow":["GET"]}}],"collection":[{"href":"https:\/\/met-vet.erasmus.site\/de\/wp-json\/wp\/v2\/pages"}],"about":[{"href":"https:\/\/met-vet.erasmus.site\/de\/wp-json\/wp\/v2\/types\/page"}],"author":[{"embeddable":true,"href":"https:\/\/met-vet.erasmus.site\/de\/wp-json\/wp\/v2\/users\/1"}],"replies":[{"embeddable":true,"href":"https:\/\/met-vet.erasmus.site\/de\/wp-json\/wp\/v2\/comments?post=35"}],"version-history":[{"count":16,"href":"https:\/\/met-vet.erasmus.site\/de\/wp-json\/wp\/v2\/pages\/35\/revisions"}],"predecessor-version":[{"id":527,"href":"https:\/\/met-vet.erasmus.site\/de\/wp-json\/wp\/v2\/pages\/35\/revisions\/527"}],"wp:attachment":[{"href":"https:\/\/met-vet.erasmus.site\/de\/wp-json\/wp\/v2\/media?parent=35"}],"curies":[{"name":"wp","href":"https:\/\/api.w.org\/{rel}","templated":true}]}}